{"id":2383,"date":"2026-02-10T19:04:47","date_gmt":"2026-02-10T18:04:47","guid":{"rendered":"https:\/\/xorsa.com\/producto\/combinaison-de-protection-contre-le-frelon-asiatique-modele-1512\/"},"modified":"2026-02-10T19:04:47","modified_gmt":"2026-02-10T18:04:47","slug":"combinaison-de-protection-contre-le-frelon-asiatique-modele-1512","status":"publish","type":"product","link":"https:\/\/xorsa.com\/fr\/producto\/combinaison-de-protection-contre-le-frelon-asiatique-modele-1512\/","title":{"rendered":"Combinaison de protection contre le frelon asiatique, mod\u00e8le 1512"},"content":{"rendered":"<h2>Achetez en ligne une combinaison de protection contre le frelon asiatique.<\/h2>\n<p>Combinaisons de protection brevet\u00e9es contre le frelon asiatique, fabriqu\u00e9es en tissu polyester doux double couche.<\/p>\n<p>Chez Xorsa, nous fabriquons toutes les tailles n\u00e9cessaires.<\/p>\n","protected":false},"excerpt":{"rendered":"<p>\u00c9QUIPEMENT SP\u00c9CIAL POUR LE D\u00c9BARRAS<\/p>\n<h2>Tissu<\/h2>\n<ul>\n<li>Tissu ext\u00e9rieur 100% Kordura noir, d&rsquo;un poids de 290 g\/m2.<\/li>\n<li>Composition douce, 100% polyester, d&rsquo;un poids approximatif de 200 g\/m2.<\/li>\n<li>Tissu int\u00e9rieur noir compos\u00e9 \u00e0 65 % de polyester et \u00e0 35 % de coton, d&rsquo;un poids de 240 g\/m\u00b2.<\/li>\n<li>Tissu int\u00e9rieur compos\u00e9 de 65 % de polyester et de 35 % de coton, d&rsquo;un poids de 240 g\/m2.<\/li>\n<li>Panneau dorsal en maille 3D respirante avec double tissu 100% polyester, d&rsquo;un poids de 260 g\/m2.<\/li>\n<li>Fermeture \u00e9clair en m\u00e9tal sans nickel avec s\u00e9parateur fermant la capuche par une tirette.<\/li>\n<li>Fermeture \u00e9clair avant en m\u00e9tal sans nickel avec deux curseurs.<\/li>\n<li>Ceinture r\u00e9glable avec boucle \u00e0 d\u00e9gagement rapide.<\/li>\n<li>Casque r\u00e9glable homologu\u00e9 avec molette de r\u00e9glage et jugulaire, avec visi\u00e8re en polycarbonate adapt\u00e9e aux casques munis d&rsquo;orifices de ventilation.<\/li>\n<li>Capot avec bande de maille en fibre de verre enduite de t\u00e9flon 2&#215;2 de couleur noire, vision \u00e0 180 degr\u00e9s et volume r\u00e9duit.<\/li>\n<li>Gants anti-perforation certifi\u00e9s en caoutchouc avec int\u00e9rieur en Kevlar et poignets en tissu \u00e9lastiques aux extr\u00e9mit\u00e9s.<\/li>\n<li>Gu\u00eatres avec \u00e9lastique en haut et en bas et avec une troisi\u00e8me bande \u00e9lastique pour maintenir la plante du pied.<\/li>\n<\/ul>\n<h2>R\u00e8glements<\/h2>\n<ul>\n<li>CERTIFI\u00c9 PAR AITEX N\u00ba21\/4277\/00\/0161<\/li>\n<li>MOD\u00c8LE BREVET\u00c9<\/li>\n<\/ul>\n<p><a class=\"button\" style=\"background-color: #ff5819; color: #fff; border-radius: 20px;\" href=\"https:\/\/xorsa.com\/fr\/guide-des-tailles\/\"><i class=\"fa fa-ruler\"><\/i> Guide des tailles<\/a><\/p>\n","protected":false},"featured_media":1583,"template":"","meta":[],"product_brand":[],"product_cat":[37],"product_tag":[],"class_list":{"0":"post-2383","1":"product","2":"type-product","3":"status-publish","4":"has-post-thumbnail","6":"product_cat-boutique","8":"first","9":"instock","10":"taxable","11":"shipping-taxable","12":"purchasable","13":"product-type-variable"},"_links":{"self":[{"href":"https:\/\/xorsa.com\/fr\/wp-json\/wp\/v2\/product\/2383","targetHints":{"allow":["GET"]}}],"collection":[{"href":"https:\/\/xorsa.com\/fr\/wp-json\/wp\/v2\/product"}],"about":[{"href":"https:\/\/xorsa.com\/fr\/wp-json\/wp\/v2\/types\/product"}],"wp:featuredmedia":[{"embeddable":true,"href":"https:\/\/xorsa.com\/fr\/wp-json\/wp\/v2\/media\/1583"}],"wp:attachment":[{"href":"https:\/\/xorsa.com\/fr\/wp-json\/wp\/v2\/media?parent=2383"}],"wp:term":[{"taxonomy":"product_brand","embeddable":true,"href":"https:\/\/xorsa.com\/fr\/wp-json\/wp\/v2\/product_brand?post=2383"},{"taxonomy":"product_cat","embeddable":true,"href":"https:\/\/xorsa.com\/fr\/wp-json\/wp\/v2\/product_cat?post=2383"},{"taxonomy":"product_tag","embeddable":true,"href":"https:\/\/xorsa.com\/fr\/wp-json\/wp\/v2\/product_tag?post=2383"}],"curies":[{"name":"wp","href":"https:\/\/api.w.org\/{rel}","templated":true}]}}