{"id":2308,"date":"2026-02-10T19:04:31","date_gmt":"2026-02-10T18:04:31","guid":{"rendered":"https:\/\/xorsa.com\/producto\/combinaison-de-protection-contre-les-piqures-dabeilles-combinaison-dapiculteur\/"},"modified":"2026-02-10T19:04:31","modified_gmt":"2026-02-10T18:04:31","slug":"combinaison-de-protection-contre-les-piqures-dabeilles-combinaison-dapiculteur","status":"publish","type":"product","link":"https:\/\/xorsa.com\/fr\/producto\/combinaison-de-protection-contre-les-piqures-dabeilles-combinaison-dapiculteur\/","title":{"rendered":"Combinaison de protection contre les piq\u00fbres d&rsquo;abeilles \u2013 combinaison d&rsquo;apiculteur"},"content":{"rendered":"<p><iframe title=\"YouTube video player\" src=\"https:\/\/www.youtube.com\/embed\/5Di_FWiX3HU?si=YFzwRGMyhssbmMTc\" width=\"100%\" height=\"400\" frameborder=\"0\" allowfullscreen=\"allowfullscreen\"><span style=\"display: inline-block; width: 0px; overflow: hidden; line-height: 0;\" data-mce-type=\"bookmark\" class=\"mce_SELRES_start\"><\/span><\/iframe><\/p>\n<h2>Achetez en ligne une combinaison de protection contre les piq\u00fbres d&rsquo;abeilles<\/h2>\n<p>Combinaisons de s\u00e9curit\u00e9 contre les abeilles.<\/p>\n<p>Chez Xorsa, nous fabriquons toutes les tailles n\u00e9cessaires.<\/p>\n","protected":false},"excerpt":{"rendered":"<h2>Tissu:<\/h2>\n<ul>\n<li>Tissu double couche.<\/li>\n<li>Tissu ext\u00e9rieur blanc, compos\u00e9 de 65 % de polyester et de 35 % de coton, et pesant 240 g\/m2.<\/li>\n<li>Tissu int\u00e9rieur blanc compos\u00e9 de 65 % de polyester et de 35 % de coton et pesant 240 g\/m2.<\/li>\n<\/ul>\n<h2>Partie sup\u00e9rieure du plongeur (zone de la t\u00eate) :<\/h2>\n<ul>\n<li>Capot avec bande de maille en fibre de verre enduite de t\u00e9flon 2&#215;2, vision \u00e0 180 degr\u00e9s et volume r\u00e9duit.<\/li>\n<\/ul>\n<h2>Fermetures \u00e9clair :<\/h2>\n<ul>\n<li><strong>Capuche <\/strong>: fermeture \u00e9clair m\u00e9tallique de 115 cm avec s\u00e9parateur et tirette, le tout en noir.<\/li>\n<li><strong>Face avant <\/strong>: fermeture \u00e9clair m\u00e9tallique \u00e0 double curseur. Cache-fermeture \u00e9clair avec fermeture Velcro. <\/li>\n<li><strong>Poches <\/strong>: Fermeture \u00e9clair en nylon n\u00b0 5 avec curseur \u00e0 goupille.<\/li>\n<li><strong>Partie inf\u00e9rieure pour faciliter l&rsquo;enfilage avec des chaussures<\/strong> : fermeture \u00e9clair en nylon n\u00b0 5 avec curseur \u00e0 goupille.<\/li>\n<\/ul>\n<h2>Pi\u00e8ces ajustables au corps :<\/h2>\n<ul>\n<li>Poignets \u00e9lastiqu\u00e9s.<\/li>\n<li>Bande \u00e9lastique \u00e0 l&rsquo;arri\u00e8re pour ajuster la taille.<\/li>\n<li>Manches avec \u00e9lastique aux extr\u00e9mit\u00e9s.<\/li>\n<\/ul>\n<h2>Esth\u00e9tique de la plong\u00e9e :<\/h2>\n<ul>\n<li>Col mandarin.<\/li>\n<\/ul>\n<p><a class=\"button\" style=\"background-color: #ff5819; color: #fff; border-radius: 20px;\" href=\"https:\/\/xorsa.com\/fr\/guide-des-tailles\/\"><i class=\"fa fa-ruler\"><\/i> Guide des tailles<\/a><\/p>\n","protected":false},"featured_media":312,"template":"","meta":[],"product_brand":[],"product_cat":[37],"product_tag":[],"class_list":{"0":"post-2308","1":"product","2":"type-product","3":"status-publish","4":"has-post-thumbnail","6":"product_cat-boutique","8":"first","9":"instock","10":"taxable","11":"shipping-taxable","12":"purchasable","13":"product-type-variable"},"_links":{"self":[{"href":"https:\/\/xorsa.com\/fr\/wp-json\/wp\/v2\/product\/2308","targetHints":{"allow":["GET"]}}],"collection":[{"href":"https:\/\/xorsa.com\/fr\/wp-json\/wp\/v2\/product"}],"about":[{"href":"https:\/\/xorsa.com\/fr\/wp-json\/wp\/v2\/types\/product"}],"wp:featuredmedia":[{"embeddable":true,"href":"https:\/\/xorsa.com\/fr\/wp-json\/wp\/v2\/media\/312"}],"wp:attachment":[{"href":"https:\/\/xorsa.com\/fr\/wp-json\/wp\/v2\/media?parent=2308"}],"wp:term":[{"taxonomy":"product_brand","embeddable":true,"href":"https:\/\/xorsa.com\/fr\/wp-json\/wp\/v2\/product_brand?post=2308"},{"taxonomy":"product_cat","embeddable":true,"href":"https:\/\/xorsa.com\/fr\/wp-json\/wp\/v2\/product_cat?post=2308"},{"taxonomy":"product_tag","embeddable":true,"href":"https:\/\/xorsa.com\/fr\/wp-json\/wp\/v2\/product_tag?post=2308"}],"curies":[{"name":"wp","href":"https:\/\/api.w.org\/{rel}","templated":true}]}}