{"id":2224,"date":"2026-02-10T18:45:43","date_gmt":"2026-02-10T17:45:43","guid":{"rendered":"https:\/\/xorsa.com\/producto\/combinaison-de-protection-contre-le-frelon-asiatique-modele-1510\/"},"modified":"2026-02-10T18:45:43","modified_gmt":"2026-02-10T17:45:43","slug":"combinaison-de-protection-contre-le-frelon-asiatique-modele-1510","status":"publish","type":"product","link":"https:\/\/xorsa.com\/fr\/producto\/combinaison-de-protection-contre-le-frelon-asiatique-modele-1510\/","title":{"rendered":"Combinaison de protection contre le frelon asiatique, mod\u00e8le 1510"},"content":{"rendered":"<p>Combinaisons de s\u00e9curit\u00e9 brevet\u00e9es contre le frelon asiatique, fabriqu\u00e9es en tissu polyester doux double couche de couleur beige.<\/p>\n<p>Nous fabriquons toutes les tailles n\u00e9cessaires.<\/p>\n","protected":false},"excerpt":{"rendered":"<h2>Tissu<\/h2>\n<ul>\n<li>Tissu double couche en polyester doux.<\/li>\n<li>Tissu ext\u00e9rieur beige, compos\u00e9 de 65 % de polyester et de 35 % de coton, et pesant 240 g\/m2.<\/li>\n<li>Composition douce, 100% polyester, d&rsquo;un poids de 200 g\/m2.<\/li>\n<li>Tissu int\u00e9rieur compos\u00e9 de 65 % de polyester et de 35 % de coton, d&rsquo;un poids de 240 g\/m2.<\/li>\n<li>Capot avec bande de maille de verre rev\u00eatue de t\u00e9flon 2\u00d72 mm.<\/li>\n<li>Protection rembourr\u00e9e de la nuque jusqu&rsquo;aux oreilles.<\/li>\n<li>Casque homologu\u00e9 (EN397) r\u00e9glable avec molette rotative et jugulaire avec visi\u00e8re en polycarbonate (EN 1661B 3) et trous de ventilation.<\/li>\n<li>Fermeture \u00e9clair en nylon avec curseur et s\u00e9parateur fermant la capuche.<\/li>\n<li>Fermeture \u00e9clair m\u00e9tallique \u00e0 double curseur sur le devant.<\/li>\n<li>Housse int\u00e9grale zipp\u00e9e avec fermeture Velcro.<\/li>\n<li>Un support de spray \u00e0 l&rsquo;arri\u00e8re, fix\u00e9 par deux \u00e9lastiques, et un autre sur la jambe, \u00e9galement fix\u00e9 par deux \u00e9lastiques.<\/li>\n<li>Ceinture r\u00e9glable en nylon avec boucle \u00e0 d\u00e9gagement rapide.<\/li>\n<li>Deux poches avant inf\u00e9rieures avec fermeture \u00e9clair en nylon.<\/li>\n<li>Poignets \u00e9lastiqu\u00e9s.<\/li>\n<li>Gants en caoutchouc anti-perforation certifi\u00e9s (EN388) avec int\u00e9rieur en Kevlar attach\u00e9 \u00e0 des poignets en tissu avec \u00e9lastique \u00e0 l&rsquo;extr\u00e9mit\u00e9.<\/li>\n<li>Gu\u00eatres avec \u00e9lastique en haut et en bas et avec une troisi\u00e8me bande \u00e9lastique pour maintenir la plante du pied.<\/li>\n<li>Nous fabriquons toutes les tailles n\u00e9cessaires.<\/li>\n<\/ul>\n<p><a class=\"button\" style=\"background-color: #ff5819; color: #fff; border-radius: 20px;\" href=\"https:\/\/xorsa.com\/fr\/guide-des-tailles\/\"><i class=\"fa fa-ruler\"><\/i> Guide des tailles<\/a><\/p>\n","protected":false},"featured_media":627,"template":"","meta":[],"product_brand":[],"product_cat":[37],"product_tag":[],"class_list":{"0":"post-2224","1":"product","2":"type-product","3":"status-publish","4":"has-post-thumbnail","6":"product_cat-boutique","8":"first","9":"instock","10":"taxable","11":"shipping-taxable","12":"purchasable","13":"product-type-variable"},"_links":{"self":[{"href":"https:\/\/xorsa.com\/fr\/wp-json\/wp\/v2\/product\/2224","targetHints":{"allow":["GET"]}}],"collection":[{"href":"https:\/\/xorsa.com\/fr\/wp-json\/wp\/v2\/product"}],"about":[{"href":"https:\/\/xorsa.com\/fr\/wp-json\/wp\/v2\/types\/product"}],"wp:featuredmedia":[{"embeddable":true,"href":"https:\/\/xorsa.com\/fr\/wp-json\/wp\/v2\/media\/627"}],"wp:attachment":[{"href":"https:\/\/xorsa.com\/fr\/wp-json\/wp\/v2\/media?parent=2224"}],"wp:term":[{"taxonomy":"product_brand","embeddable":true,"href":"https:\/\/xorsa.com\/fr\/wp-json\/wp\/v2\/product_brand?post=2224"},{"taxonomy":"product_cat","embeddable":true,"href":"https:\/\/xorsa.com\/fr\/wp-json\/wp\/v2\/product_cat?post=2224"},{"taxonomy":"product_tag","embeddable":true,"href":"https:\/\/xorsa.com\/fr\/wp-json\/wp\/v2\/product_tag?post=2224"}],"curies":[{"name":"wp","href":"https:\/\/api.w.org\/{rel}","templated":true}]}}