{"id":2141,"date":"2026-02-25T10:29:15","date_gmt":"2026-02-25T09:29:15","guid":{"rendered":"https:\/\/xorsa.com\/producto\/veste-de-debroussailleuse\/"},"modified":"2026-02-25T10:29:15","modified_gmt":"2026-02-25T09:29:15","slug":"veste-de-debroussailleuse","status":"publish","type":"product","link":"https:\/\/xorsa.com\/fr\/producto\/veste-de-debroussailleuse\/","title":{"rendered":"Veste de d\u00e9broussailleuse"},"content":{"rendered":"<p><span class=\"fontstyle0\">Ce produit a \u00e9t\u00e9 fabriqu\u00e9 conform\u00e9ment aux dispositions du r\u00e8glement (UE) 2016\/425 et conform\u00e9ment aux proc\u00e9dures de test et aux sp\u00e9cifications techniques applicables, obtenant le certificat AITEX.<\/span><\/p>\n<p><strong><span class=\"fontstyle2\">Utilit\u00e9 des \u00e9quipements de protection :<\/span><\/strong><\/p>\n<p><span class=\"fontstyle0\">Sp\u00e9cialement con\u00e7u pour la protection contre le frelon asiatique lors des travaux de d\u00e9frichage.<\/span><\/p>\n<p><strong><span class=\"fontstyle2\">Recommandations d&rsquo;utilisation :<\/span><\/strong><\/p>\n<p><span class=\"fontstyle0\">Pour la protection du haut du corps, les v\u00eatements de protection doivent \u00eatre port\u00e9s ferm\u00e9s.<\/span><\/p>\n<p><span class=\"fontstyle0\">Con\u00e7u pour la protection de la partie sup\u00e9rieure du corps de l&rsquo;utilisateur, \u00e0 l&rsquo;exception du bas du torse (qui doit \u00eatre prot\u00e9g\u00e9 par l&rsquo;utilisateur avec des v\u00eatements sp\u00e9cialement con\u00e7us pour la t\u00e2che de d\u00e9blaiement).<\/span><\/p>\n<p><strong><span class=\"fontstyle2\">Recommandations contre toute utilisation abusive :<\/span><\/strong><\/p>\n<p><span class=\"fontstyle0\">Ces \u00e9quipements de protection individuelle ne doivent jamais \u00eatre utilis\u00e9s contre des risques autres que ceux d\u00e9crits ci-dessus. Une mauvaise utilisation de ces v\u00eatements peut en alt\u00e9rer l&rsquo;efficacit\u00e9. <\/span><\/p>\n<p><span class=\"fontstyle0\">Lorsque le v\u00eatement se compose de deux pi\u00e8ces, l&rsquo;utilisateur doit les porter ensemble pour obtenir le niveau de protection appropri\u00e9 (dans ce cas, gants et cagoule). <\/span><\/p>\n<p><span class=\"fontstyle0\">Les d\u00e9chirures ne doivent pas \u00eatre r\u00e9par\u00e9es par l&rsquo;utilisateur. Toute modification du mod\u00e8le du v\u00eatement est interdite. <\/span><\/p>\n<p><span class=\"fontstyle0\">L&rsquo;impression s\u00e9rigraphique ou les transferts ne sont pas autoris\u00e9s apr\u00e8s la confection du costume, car ils compactent le rembourrage, ce qui r\u00e9duit son \u00e9paisseur et ne prot\u00e8ge pas contre les morsures.<\/span><\/p>\n<p><span class=\"fontstyle0\">La dur\u00e9e de vie d\u00e9pendra de l&rsquo;utilisation des EPI, de leur entretien, de leur stockage, etc.<\/span><\/p>\n<p><strong><span class=\"fontstyle2\">Recommandations de lavage :<\/span><\/strong><\/p>\n<p><span class=\"fontstyle0\">Temp\u00e9rature maximale de 40\u00ba C.<\/span><\/p>\n<p><span class=\"fontstyle2\">Lavez la capuche \u00e0 la main.<\/span><\/p>\n<p><span class=\"fontstyle0\">Ne pas utiliser d&rsquo;eau de Javel. Ne pas repasser. Ne pas s\u00e9cher en machine.  <\/span><\/p>\n<p><strong><span class=\"fontstyle2\">Stockage<\/span><\/strong><\/p>\n<p><span class=\"fontstyle0\">Rangez le v\u00eatement \u00e0 l&rsquo;abri du soleil, dans un endroit sec et prot\u00e9g\u00e9 de tout agent agressif.<\/span><\/p>\n<p><strong><span class=\"fontstyle2\">Conditionnement<\/span><\/strong><\/p>\n<p><span class=\"fontstyle0\">Bo\u00eete en carton.<\/span><\/p>\n","protected":false},"excerpt":{"rendered":"<p>\u00c9QUIPEMENT SP\u00c9CIAL POUR LE D\u00c9BARRAS<\/p>\n<h2>Tissu<\/h2>\n<ul>\n<li> Tissu ext\u00e9rieur 100% Kordura noir, d&rsquo;un poids de 290 g\/ m2 .<\/li>\n<li>Tissu doux compos\u00e9 de 75\/80% de fibres solides \u2013 25\/20% de fibres thermodurcissables \u00e0 deux composants, avec un poids de 200 g\/ m2 . <\/li>\n<li>Tissu int\u00e9rieur noir compos\u00e9 de 65 % de polyester et de 35 % de coton, d&rsquo;un poids de 240 g\/ m2 . <\/li>\n<li>Tissu int\u00e9rieur noir ajustable \u00e0 la partie inf\u00e9rieure du corps de la veste, 100% polyester, avec un poids de 225 g\/ m2 . <\/li>\n<li>Panneau dorsal en maille 3D respirante avec double tissu 100% polyester, d&rsquo;un poids de 260 g\/ m2 .<\/li>\n<\/ul>\n<h2>partie sup\u00e9rieure (t\u00eate)<\/h2>\n<ul>\n<li><span class=\"fontstyle0\">Cagoule avec bande de maille en fibre de verre enduite de t\u00e9flon 2&#215;2 de couleur noire, vision \u00e0 180 degr\u00e9s et volume r\u00e9duit, avec suffisamment d&rsquo;espace pour \u00eatre adapt\u00e9e \u00e0 un casque de d\u00e9broussaillage homologu\u00e9.<\/span><\/li>\n<\/ul>\n<h2>Fermetures \u00e9clair<\/h2>\n<ul>\n<li><span class=\"fontstyle0\">Capuche : fermeture \u00e9clair de 115 cm avec curseur et s\u00e9parateur en nylon n\u00b0 5 noir. <\/span><\/li>\n<li><span class=\"fontstyle0\">Face avant : fermeture \u00e9clair m\u00e9tallique. Et rabat de fermeture \u00e9clair avec velcro. <\/span><\/li>\n<\/ul>\n<h2>Pi\u00e8ces r\u00e9glables pour le corps<\/h2>\n<ul>\n<li><span class=\"fontstyle0\">Poignets \u00e9lastiqu\u00e9s.<\/span><\/li>\n<\/ul>\n<h2>Esth\u00e9tique<\/h2>\n<ul>\n<li><span class=\"fontstyle0\">Col mandarin.<\/span><\/li>\n<li><span class=\"fontstyle0\">Poche \u00e0 adr\u00e9naline sur le bras gauche.<\/span><\/li>\n<\/ul>\n<h2>Accessoires<\/h2>\n<ul>\n<li><span class=\"fontstyle0\">Gants anti-perforation certifi\u00e9s en caoutchouc avec int\u00e9rieur en Kevlar.<\/span><\/li>\n<\/ul>\n<h2>R\u00e8glements<\/h2>\n<ul>\n<li>MOD\u00c8LE CERTIFI\u00c9 UE<\/li>\n<\/ul>\n<p><a class=\"button\" style=\"background-color: #ff5819; color: #fff; border-radius: 20px;\" href=\"https:\/\/xorsa.com\/guia-de-tallas\/\"><i class=\"fa fa-ruler\"><\/i> Guide des tailles<\/a><\/p>\n","protected":false},"featured_media":2142,"template":"","meta":[],"product_brand":[],"product_cat":[37],"product_tag":[],"class_list":{"0":"post-2141","1":"product","2":"type-product","3":"status-publish","4":"has-post-thumbnail","6":"product_cat-boutique","8":"first","9":"instock","10":"taxable","11":"shipping-taxable","12":"purchasable","13":"product-type-variable"},"_links":{"self":[{"href":"https:\/\/xorsa.com\/fr\/wp-json\/wp\/v2\/product\/2141","targetHints":{"allow":["GET"]}}],"collection":[{"href":"https:\/\/xorsa.com\/fr\/wp-json\/wp\/v2\/product"}],"about":[{"href":"https:\/\/xorsa.com\/fr\/wp-json\/wp\/v2\/types\/product"}],"wp:featuredmedia":[{"embeddable":true,"href":"https:\/\/xorsa.com\/fr\/wp-json\/wp\/v2\/media\/2142"}],"wp:attachment":[{"href":"https:\/\/xorsa.com\/fr\/wp-json\/wp\/v2\/media?parent=2141"}],"wp:term":[{"taxonomy":"product_brand","embeddable":true,"href":"https:\/\/xorsa.com\/fr\/wp-json\/wp\/v2\/product_brand?post=2141"},{"taxonomy":"product_cat","embeddable":true,"href":"https:\/\/xorsa.com\/fr\/wp-json\/wp\/v2\/product_cat?post=2141"},{"taxonomy":"product_tag","embeddable":true,"href":"https:\/\/xorsa.com\/fr\/wp-json\/wp\/v2\/product_tag?post=2141"}],"curies":[{"name":"wp","href":"https:\/\/api.w.org\/{rel}","templated":true}]}}