{"id":2039,"date":"2026-02-10T18:44:50","date_gmt":"2026-02-10T17:44:50","guid":{"rendered":"https:\/\/xorsa.com\/producto\/combinaison-de-protection-contre-le-frelon-asiatique-modele-1511\/"},"modified":"2026-02-10T18:44:50","modified_gmt":"2026-02-10T17:44:50","slug":"combinaison-de-protection-contre-le-frelon-asiatique-modele-1511","status":"publish","type":"product","link":"https:\/\/xorsa.com\/fr\/producto\/combinaison-de-protection-contre-le-frelon-asiatique-modele-1511\/","title":{"rendered":"Combinaison de protection contre le frelon asiatique, mod\u00e8le 1511"},"content":{"rendered":"<p>Combinaisons de s\u00e9curit\u00e9 brevet\u00e9es contre le frelon asiatique (Vespa velutina) fabriqu\u00e9es avec un tissu double couche et un rembourrage en polyester rouge fluorescent.<\/p>\n<p>Nous fabriquons toutes les tailles n\u00e9cessaires.<\/p>\n","protected":false},"excerpt":{"rendered":"<h2>Tissu<\/h2>\n<ul>\n<li>Tissu double couche en polyester doux.<\/li>\n<li>Tissu ext\u00e9rieur rouge fluorescent, compos\u00e9 \u00e0 50 % de polyester et \u00e0 50 % de coton, et pesant 250 g\/m2.<\/li>\n<li>Composition douce, 100% polyester, d&rsquo;un poids de 200 g\/m2.<\/li>\n<li>Tissu int\u00e9rieur compos\u00e9 de 65 % de polyester et de 35 % de coton, d&rsquo;un poids de 240 g\/m2.<\/li>\n<li>Capot avec bande de maille de verre rev\u00eatue de t\u00e9flon de 2&#215;2 mm.<\/li>\n<li>Protection rembourr\u00e9e de la nuque jusqu&rsquo;aux oreilles.<\/li>\n<li>Casque homologu\u00e9 (EN397) r\u00e9glable avec molette rotative et jugulaire avec visi\u00e8re en polycarbonate (EN 166 1B 3) et trous de ventilation.<\/li>\n<li>Fermeture \u00e9clair en nylon avec curseur et s\u00e9parateur fermant la capuche.<\/li>\n<li>Poche \u00e0 adr\u00e9naline sur le bras gauche.<\/li>\n<li>Fermeture \u00e9clair m\u00e9tallique \u00e0 double curseur sur le devant.<\/li>\n<li>Housse int\u00e9grale zipp\u00e9e avec fermeture Velcro.<\/li>\n<li>Deux porte-sprays ; l&rsquo;un fix\u00e9 au dos par deux \u00e9lastiques et l&rsquo;autre suspendu \u00e0 la ceinture de mani\u00e8re a\u00e9rienne, facilitant ainsi les mouvements n\u00e9cessaires pour monter les escaliers.<\/li>\n<li>Ceinture r\u00e9glable en nylon avec boucle \u00e0 d\u00e9gagement rapide.<\/li>\n<li>Quatre anneaux de mousqueton sur la ceinture.<\/li>\n<li>Deux poches avant inf\u00e9rieures avec fermeture \u00e9clair en nylon.<\/li>\n<li>Poignets \u00e9lastiqu\u00e9s.<\/li>\n<li>Gants en caoutchouc anti-perforation certifi\u00e9s (EN388) avec int\u00e9rieur en Kevlar attach\u00e9 \u00e0 des poignets en tissu avec \u00e9lastique \u00e0 l&rsquo;extr\u00e9mit\u00e9.<\/li>\n<li>Renforc\u00e9 par des genouill\u00e8res, des coussins d&rsquo;assise et des coudi\u00e8res.<\/li>\n<li>Fermetures \u00e9clair en bas des jambes pour faciliter l&rsquo;enfilage et le retrait, m\u00eame avec des chaussures. Et une sangle Velcro r\u00e9glable. <\/li>\n<li>Gu\u00eatres avec \u00e9lastique en haut et en bas et un troisi\u00e8me \u00e9lastique pour maintenir la plante du pied.<\/li>\n<li>Nous fabriquons toutes les tailles n\u00e9cessaires.<\/li>\n<\/ul>\n<h2>R\u00e8glements<\/h2>\n<ul>\n<li>CERTIFI\u00c9 PAR AITEX N\u00b0 2015EP2047<\/li>\n<li>MOD\u00c8LE BREVET\u00c9<\/li>\n<\/ul>\n<p><a class=\"button\" style=\"background-color: #ff5819; color: #fff; border-radius: 20px;\" href=\"https:\/\/xorsa.com\/guia-de-tallas\/\"><i class=\"fa fa-ruler\"><\/i> Guide des tailles<\/a><\/p>\n","protected":false},"featured_media":619,"template":"","meta":[],"product_brand":[],"product_cat":[37],"product_tag":[],"class_list":{"0":"post-2039","1":"product","2":"type-product","3":"status-publish","4":"has-post-thumbnail","6":"product_cat-boutique","8":"first","9":"instock","10":"taxable","11":"shipping-taxable","12":"purchasable","13":"product-type-variable"},"_links":{"self":[{"href":"https:\/\/xorsa.com\/fr\/wp-json\/wp\/v2\/product\/2039","targetHints":{"allow":["GET"]}}],"collection":[{"href":"https:\/\/xorsa.com\/fr\/wp-json\/wp\/v2\/product"}],"about":[{"href":"https:\/\/xorsa.com\/fr\/wp-json\/wp\/v2\/types\/product"}],"wp:featuredmedia":[{"embeddable":true,"href":"https:\/\/xorsa.com\/fr\/wp-json\/wp\/v2\/media\/619"}],"wp:attachment":[{"href":"https:\/\/xorsa.com\/fr\/wp-json\/wp\/v2\/media?parent=2039"}],"wp:term":[{"taxonomy":"product_brand","embeddable":true,"href":"https:\/\/xorsa.com\/fr\/wp-json\/wp\/v2\/product_brand?post=2039"},{"taxonomy":"product_cat","embeddable":true,"href":"https:\/\/xorsa.com\/fr\/wp-json\/wp\/v2\/product_cat?post=2039"},{"taxonomy":"product_tag","embeddable":true,"href":"https:\/\/xorsa.com\/fr\/wp-json\/wp\/v2\/product_tag?post=2039"}],"curies":[{"name":"wp","href":"https:\/\/api.w.org\/{rel}","templated":true}]}}