{"id":1982,"date":"2026-02-10T18:55:53","date_gmt":"2026-02-10T17:55:53","guid":{"rendered":"https:\/\/xorsa.com\/producto\/gilet-de-haute-securite-pour-chiens-de-chasse\/"},"modified":"2026-02-10T18:55:53","modified_gmt":"2026-02-10T17:55:53","slug":"gilet-de-haute-securite-pour-chiens-de-chasse","status":"publish","type":"product","link":"https:\/\/xorsa.com\/fr\/producto\/gilet-de-haute-securite-pour-chiens-de-chasse\/","title":{"rendered":"Gilet de haute s\u00e9curit\u00e9 pour chiens de chasse"},"content":{"rendered":"<h2>gilets pour chiens de chasse<\/h2>\n<p>Ce gilet brevet\u00e9 Xorsa est sp\u00e9cialement con\u00e7u pour <b>minimiser les blessures <\/b><b>caus\u00e9es par les sangliers <\/b>chez les chiens de chasse . Il prot\u00e8ge \u00e9galement <b>contre les morsures de serpent <\/b>, ce qui le rend id\u00e9al lorsque le chien doit se d\u00e9placer en terrain tr\u00e8s bois\u00e9. <\/p>\n<p>Fabriqu\u00e9 avec les technologies les plus r\u00e9centes en mati\u00e8re de mat\u00e9riaux et en tenant compte de la morphologie du chien, ce harnais assure un confort optimal. Il est dot\u00e9 d&rsquo;un rembourrage protecteur au niveau des aisselles des pattes avant, une zone tr\u00e8s expos\u00e9e. Cette zone est compos\u00e9e de deux couches de Cordura Dupont et de trois couches de Kevlar afin de ne pas entraver les mouvements de l&rsquo;animal. Les fermetures sont assur\u00e9es par des boucles en nylon r\u00e9glables avec un syst\u00e8me d&rsquo;ouverture rapide, et une sangle sur le haut du corps laisse le haut du corps d\u00e9gag\u00e9 pour une meilleure a\u00e9ration et un confort accru.  <\/p>\n<p>Fabrication sur mesure (vous devez indiquer les mesures suivantes).<\/p>\n<p><img decoding=\"async\" class=\"alignnone size-medium wp-image-288\" src=\"https:\/\/xorsa.com\/wp-content\/uploads\/2026\/02\/chaleco-medidas-300x161.png\" alt=\"\" width=\"300\" height=\"161\" srcset=\"https:\/\/xorsa.com\/wp-content\/uploads\/2026\/02\/chaleco-medidas-300x161.png 300w, https:\/\/xorsa.com\/wp-content\/uploads\/2026\/02\/chaleco-medidas-230x124.png 230w, https:\/\/xorsa.com\/wp-content\/uploads\/2026\/02\/chaleco-medidas.png 316w\" sizes=\"(max-width: 300px) 100vw, 300px\" \/><\/p>\n<div class=\"col-md-6\">\n<ol style=\"font-size: .9em; list-style-type: upper-alpha;\" type=\"A\">\n<li>Tour de cou.<\/li>\n<li>Tour de poitrine juste derri\u00e8re les pattes avant.<\/li>\n<li>Tour de taille, juste devant les pattes arri\u00e8re.<\/li>\n<li>Distance entre le tour de cou et le tour de poitrine sur le dessus du chien.<\/li>\n<li>Distance entre le tour de poitrine et le tour de taille sur le dessus du chien.<\/li>\n<li>Distance entre les jambes (d&rsquo;aisselle \u00e0 aisselle).<\/li>\n<\/ol>\n<\/div>\n","protected":false},"excerpt":{"rendered":"<h2>Gilets en Kevlar pour chiens<\/h2>\n<ul>\n<li>Tissu ext\u00e9rieur : Une couche : 100 % Dupont Cordura d&rsquo;un poids de 310 grammes\/m2.<\/li>\n<li>Tissu interm\u00e9diaire \u00e0 trois couches : 100 % Kevlar d&rsquo;un poids de 430 grammes\/m2.<\/li>\n<li>Tissu int\u00e9rieur : Une couche : 100 % Dupont Cordura d&rsquo;un poids de 310 grammes\/m2.<\/li>\n<li>Fermeture sup\u00e9rieure \u00e0 l&rsquo;aide de cinq boucles en nylon r\u00e9glables.<\/li>\n<li>Transpiration sur le dos\/le tronc du chien.<\/li>\n<\/ul>\n<p><a class=\"button\" style=\"background-color: #ff5819; color: #fff; border-radius: 20px;\" href=\"https:\/\/xorsa.com\/contacto\/\"><i class=\"fa fa-envelope\"><\/i> Demander plus d&rsquo;informations<\/a><\/p>\n","protected":false},"featured_media":298,"template":"","meta":[],"product_brand":[],"product_cat":[37],"product_tag":[],"class_list":{"0":"post-1982","1":"product","2":"type-product","3":"status-publish","4":"has-post-thumbnail","6":"product_cat-boutique","8":"first","9":"instock","10":"taxable","11":"shipping-taxable","12":"product-type-simple"},"_links":{"self":[{"href":"https:\/\/xorsa.com\/fr\/wp-json\/wp\/v2\/product\/1982","targetHints":{"allow":["GET"]}}],"collection":[{"href":"https:\/\/xorsa.com\/fr\/wp-json\/wp\/v2\/product"}],"about":[{"href":"https:\/\/xorsa.com\/fr\/wp-json\/wp\/v2\/types\/product"}],"wp:featuredmedia":[{"embeddable":true,"href":"https:\/\/xorsa.com\/fr\/wp-json\/wp\/v2\/media\/298"}],"wp:attachment":[{"href":"https:\/\/xorsa.com\/fr\/wp-json\/wp\/v2\/media?parent=1982"}],"wp:term":[{"taxonomy":"product_brand","embeddable":true,"href":"https:\/\/xorsa.com\/fr\/wp-json\/wp\/v2\/product_brand?post=1982"},{"taxonomy":"product_cat","embeddable":true,"href":"https:\/\/xorsa.com\/fr\/wp-json\/wp\/v2\/product_cat?post=1982"},{"taxonomy":"product_tag","embeddable":true,"href":"https:\/\/xorsa.com\/fr\/wp-json\/wp\/v2\/product_tag?post=1982"}],"curies":[{"name":"wp","href":"https:\/\/api.w.org\/{rel}","templated":true}]}}