{"id":1936,"date":"2026-02-10T17:37:15","date_gmt":"2026-02-10T16:37:15","guid":{"rendered":"https:\/\/xorsa.com\/producto\/gilets-de-chasse\/"},"modified":"2026-03-17T10:12:10","modified_gmt":"2026-03-17T09:12:10","slug":"gilets-de-chasse","status":"publish","type":"product","link":"https:\/\/xorsa.com\/fr\/producto\/gilets-de-chasse\/","title":{"rendered":"gilets de chasse"},"content":{"rendered":"<h2>Gilets de chasse personnalis\u00e9s<\/h2>\n<p>Chez Xorsa, nous proposons des gilets de chasse haute visibilit\u00e9 fabriqu\u00e9s conform\u00e9ment aux exigences du d\u00e9cret royal 1407\/1992, pour une utilisation de base selon les r\u00e9glementations CE conformes aux exigences g\u00e9n\u00e9rales UNE EN 340:1994 et UNE EN 471:2004 en tant que v\u00eatements haute visibilit\u00e9, certificat n\u00b0 0161\/0767\/04 d\u00e9livr\u00e9 par AITEX.<\/p>\n<table border=\"0\" cellspacing=\"1\" cellpadding=\"8\">\n<tbody>\n<tr style=\"background-color: #122335;\">\n<td class=\"td_grande\">TAILLES<\/td>\n<td class=\"td_grande\"><span style=\"color: #ffffff;\">tour de poitrine<\/span><\/td>\n<td class=\"td_grande\"><span style=\"color: #ffffff;\">taille totale de l&rsquo;utilisateur<\/span><\/td>\n<\/tr>\n<tr>\n<td class=\"td1\"><strong>XL<\/strong><\/td>\n<td class=\"td1\">90-108<\/td>\n<td class=\"td1\">160-175<\/td>\n<\/tr>\n<tr style=\"background-color: #cecece;\">\n<td class=\"td2\"><strong>XXL<\/strong><\/td>\n<td class=\"td2\">104-122<\/td>\n<td class=\"td2\">173-185<\/td>\n<\/tr>\n<tr>\n<td class=\"td1\"><strong>XXXL<\/strong><\/td>\n<td class=\"td1\">120-138<\/td>\n<td class=\"td1\">183-200<\/td>\n<\/tr>\n<\/tbody>\n<\/table>\n","protected":false},"excerpt":{"rendered":"<h2>Personnalisation des gilets de chasse<\/h2>\n<p>Pour la personnalisation des gilets, veuillez envoyer votre logo par e-mail \u00e0pedidos@xorsa.com <span class=\"notranslate\">pedidos@xorsa.com<\/span><\/p>\n<ul>\n<li>Formats accept\u00e9s : PDF, AI, Corel ou image haute qualit\u00e9.<\/li>\n<li>Zone d&rsquo;impression du logo avant : 12 cm.<\/li>\n<li>Zone d&rsquo;impression du logo avant : 25 cm.<\/li>\n<\/ul>\n<p><a class=\"button\" style=\"background-color: #ff5819; color: #fff; border-radius: 20px;\" href=\"https:\/\/xorsa.com\/fr\/guide-des-tailles\/\"><i class=\"fa fa-ruler\"><\/i> Guide des tailles<\/a><\/p>\n","protected":false},"featured_media":216,"template":"","meta":[],"product_brand":[],"product_cat":[37],"product_tag":[],"class_list":{"0":"post-1936","1":"product","2":"type-product","3":"status-publish","4":"has-post-thumbnail","6":"product_cat-boutique","8":"first","9":"instock","10":"taxable","11":"shipping-taxable","12":"purchasable","13":"product-type-variable"},"_links":{"self":[{"href":"https:\/\/xorsa.com\/fr\/wp-json\/wp\/v2\/product\/1936","targetHints":{"allow":["GET"]}}],"collection":[{"href":"https:\/\/xorsa.com\/fr\/wp-json\/wp\/v2\/product"}],"about":[{"href":"https:\/\/xorsa.com\/fr\/wp-json\/wp\/v2\/types\/product"}],"wp:featuredmedia":[{"embeddable":true,"href":"https:\/\/xorsa.com\/fr\/wp-json\/wp\/v2\/media\/216"}],"wp:attachment":[{"href":"https:\/\/xorsa.com\/fr\/wp-json\/wp\/v2\/media?parent=1936"}],"wp:term":[{"taxonomy":"product_brand","embeddable":true,"href":"https:\/\/xorsa.com\/fr\/wp-json\/wp\/v2\/product_brand?post=1936"},{"taxonomy":"product_cat","embeddable":true,"href":"https:\/\/xorsa.com\/fr\/wp-json\/wp\/v2\/product_cat?post=1936"},{"taxonomy":"product_tag","embeddable":true,"href":"https:\/\/xorsa.com\/fr\/wp-json\/wp\/v2\/product_tag?post=1936"}],"curies":[{"name":"wp","href":"https:\/\/api.w.org\/{rel}","templated":true}]}}