{"id":2445,"date":"2026-02-12T08:57:31","date_gmt":"2026-02-12T07:57:31","guid":{"rendered":"https:\/\/xorsa.com\/robes-et-costumes-de-travail\/"},"modified":"2026-03-14T11:20:31","modified_gmt":"2026-03-14T10:20:31","slug":"robes-et-costumes-de-travail","status":"publish","type":"page","link":"https:\/\/xorsa.com\/fr\/robes-et-costumes-de-travail\/","title":{"rendered":"Robes et costumes de travail"},"content":{"rendered":"\t\t<div data-elementor-type=\"wp-page\" data-elementor-id=\"2445\" class=\"elementor elementor-2445 elementor-390\">\n\t\t\t\t<div class=\"elementor-element elementor-element-2be2b43 animated-slow e-flex e-con-boxed elementor-invisible e-con e-parent\" data-id=\"2be2b43\" data-element_type=\"container\" data-e-type=\"container\" data-settings=\"{&quot;shape_divider_top&quot;:&quot;opacity-tilt&quot;,&quot;background_background&quot;:&quot;classic&quot;,&quot;shape_divider_bottom&quot;:&quot;opacity-tilt&quot;,&quot;animation&quot;:&quot;fadeIn&quot;}\">\n\t\t\t\t\t<div class=\"e-con-inner\">\n\t\t\t\t<div class=\"elementor-shape elementor-shape-top\" aria-hidden=\"true\" data-negative=\"false\">\n\t\t\t<svg xmlns=\"http:\/\/www.w3.org\/2000\/svg\" viewBox=\"0 0 2600 131.1\" preserveAspectRatio=\"none\">\n\t<path class=\"elementor-shape-fill\" d=\"M0 0L2600 0 2600 69.1 0 0z\"\/>\n\t<path class=\"elementor-shape-fill\" style=\"opacity:0.5\" d=\"M0 0L2600 0 2600 69.1 0 69.1z\"\/>\n\t<path class=\"elementor-shape-fill\" style=\"opacity:0.25\" d=\"M2600 0L0 0 0 130.1 2600 69.1z\"\/>\n<\/svg>\t\t<\/div>\n\t\t\t\t<div class=\"elementor-shape elementor-shape-bottom\" aria-hidden=\"true\" data-negative=\"false\">\n\t\t\t<svg xmlns=\"http:\/\/www.w3.org\/2000\/svg\" viewBox=\"0 0 2600 131.1\" preserveAspectRatio=\"none\">\n\t<path class=\"elementor-shape-fill\" d=\"M0 0L2600 0 2600 69.1 0 0z\"\/>\n\t<path class=\"elementor-shape-fill\" style=\"opacity:0.5\" d=\"M0 0L2600 0 2600 69.1 0 69.1z\"\/>\n\t<path class=\"elementor-shape-fill\" style=\"opacity:0.25\" d=\"M2600 0L0 0 0 130.1 2600 69.1z\"\/>\n<\/svg>\t\t<\/div>\n\t\t\t\t<div class=\"elementor-element elementor-element-03f17fd animated-slow elementor-invisible elementor-widget elementor-widget-heading\" data-id=\"03f17fd\" data-element_type=\"widget\" data-e-type=\"widget\" data-settings=\"{&quot;_animation&quot;:&quot;fadeIn&quot;,&quot;_animation_delay&quot;:1000}\" data-widget_type=\"heading.default\">\n\t\t\t\t\t<h1 class=\"elementor-heading-title elementor-size-default\">Robes et costumes sur mesure<\/h1>\t\t\t\t<\/div>\n\t\t\t\t<div class=\"elementor-element elementor-element-b15be3e elementor-widget elementor-widget-spacer\" data-id=\"b15be3e\" data-element_type=\"widget\" data-e-type=\"widget\" data-widget_type=\"spacer.default\">\n\t\t\t\t\t\t\t<div class=\"elementor-spacer\">\n\t\t\t<div class=\"elementor-spacer-inner\"><\/div>\n\t\t<\/div>\n\t\t\t\t\t\t<\/div>\n\t\t\t\t\t<\/div>\n\t\t\t\t<\/div>\n\t\t<div class=\"elementor-element elementor-element-13c90d0 e-flex e-con-boxed elementor-invisible e-con e-parent\" data-id=\"13c90d0\" data-element_type=\"container\" data-e-type=\"container\" data-settings=\"{&quot;background_background&quot;:&quot;classic&quot;,&quot;shape_divider_top&quot;:&quot;opacity-tilt&quot;,&quot;shape_divider_bottom&quot;:&quot;opacity-tilt&quot;,&quot;animation&quot;:&quot;fadeInRight&quot;}\">\n\t\t\t\t\t<div class=\"e-con-inner\">\n\t\t\t\t<div class=\"elementor-shape elementor-shape-top\" aria-hidden=\"true\" data-negative=\"false\">\n\t\t\t<svg xmlns=\"http:\/\/www.w3.org\/2000\/svg\" viewBox=\"0 0 2600 131.1\" preserveAspectRatio=\"none\">\n\t<path class=\"elementor-shape-fill\" d=\"M0 0L2600 0 2600 69.1 0 0z\"\/>\n\t<path class=\"elementor-shape-fill\" style=\"opacity:0.5\" d=\"M0 0L2600 0 2600 69.1 0 69.1z\"\/>\n\t<path class=\"elementor-shape-fill\" style=\"opacity:0.25\" d=\"M2600 0L0 0 0 130.1 2600 69.1z\"\/>\n<\/svg>\t\t<\/div>\n\t\t\t\t<div class=\"elementor-shape elementor-shape-bottom\" aria-hidden=\"true\" data-negative=\"false\">\n\t\t\t<svg xmlns=\"http:\/\/www.w3.org\/2000\/svg\" viewBox=\"0 0 2600 131.1\" preserveAspectRatio=\"none\">\n\t<path class=\"elementor-shape-fill\" d=\"M0 0L2600 0 2600 69.1 0 0z\"\/>\n\t<path class=\"elementor-shape-fill\" style=\"opacity:0.5\" d=\"M0 0L2600 0 2600 69.1 0 69.1z\"\/>\n\t<path class=\"elementor-shape-fill\" style=\"opacity:0.25\" d=\"M2600 0L0 0 0 130.1 2600 69.1z\"\/>\n<\/svg>\t\t<\/div>\n\t\t<div class=\"elementor-element elementor-element-ef4ea1f e-con-full e-flex e-con e-child\" data-id=\"ef4ea1f\" data-element_type=\"container\" data-e-type=\"container\">\n\t\t\t\t<div class=\"elementor-element elementor-element-526fde7 elementor-widget elementor-widget-image\" data-id=\"526fde7\" data-element_type=\"widget\" data-e-type=\"widget\" data-widget_type=\"image.default\">\n\t\t\t\t\t\t\t\t\t\t\t\t\t\t\t<img fetchpriority=\"high\" decoding=\"async\" width=\"380\" height=\"800\" src=\"https:\/\/xorsa.com\/wp-content\/uploads\/2026\/02\/batas0.png\" class=\"attachment-medium_large size-medium_large wp-image-2447\" alt=\"batas de trabajo personalizadas\" srcset=\"https:\/\/xorsa.com\/wp-content\/uploads\/2026\/02\/batas0.png 380w, https:\/\/xorsa.com\/wp-content\/uploads\/2026\/02\/batas0-143x300.png 143w, https:\/\/xorsa.com\/wp-content\/uploads\/2026\/02\/batas0-230x484.png 230w, https:\/\/xorsa.com\/wp-content\/uploads\/2026\/02\/batas0-350x737.png 350w\" sizes=\"(max-width: 380px) 100vw, 380px\" \/>\t\t\t\t\t\t\t\t\t\t\t\t\t\t\t<\/div>\n\t\t\t\t<\/div>\n\t\t<div class=\"elementor-element elementor-element-7ae5dd5 e-con-full e-flex e-con e-child\" data-id=\"7ae5dd5\" data-element_type=\"container\" data-e-type=\"container\">\n\t\t\t\t<div class=\"elementor-element elementor-element-0e3d276 elementor-widget elementor-widget-spacer\" data-id=\"0e3d276\" data-element_type=\"widget\" data-e-type=\"widget\" data-widget_type=\"spacer.default\">\n\t\t\t\t\t\t\t<div class=\"elementor-spacer\">\n\t\t\t<div class=\"elementor-spacer-inner\"><\/div>\n\t\t<\/div>\n\t\t\t\t\t\t<\/div>\n\t\t\t\t<div class=\"elementor-element elementor-element-da31108 elementor-widget elementor-widget-eael-adv-tabs\" data-id=\"da31108\" data-element_type=\"widget\" data-e-type=\"widget\" data-widget_type=\"eael-adv-tabs.default\">\n\t\t\t\t\t        <div data-scroll-on-click=\"no\" data-scroll-speed=\"300\" id=\"eael-advance-tabs-da31108\" class=\"eael-advance-tabs eael-tabs-horizontal eael-tab-auto-active \" data-tabid=\"da31108\">\n            <div class=\"eael-tabs-nav \">\n                <ul class=\"eael-tab-inline-icon\" role=\"tablist\">\n                                            <li id=\"caractristiques\" class=\"active-default eael-tab-item-trigger eael-tab-nav-item\" aria-selected=\"true\" data-tab=\"1\" role=\"tab\" tabindex=\"0\" aria-controls=\"caractristiques-tab\" aria-expanded=\"false\">\n                            \n                                                                <svg class=\"e-font-icon-svg e-far-lightbulb\" viewBox=\"0 0 352 512\" xmlns=\"http:\/\/www.w3.org\/2000\/svg\"><path d=\"M96.06 454.35c.01 6.29 1.87 12.45 5.36 17.69l17.09 25.69a31.99 31.99 0 0 0 26.64 14.28h61.71a31.99 31.99 0 0 0 26.64-14.28l17.09-25.69a31.989 31.989 0 0 0 5.36-17.69l.04-38.35H96.01l.05 38.35zM0 176c0 44.37 16.45 84.85 43.56 115.78 16.52 18.85 42.36 58.23 52.21 91.45.04.26.07.52.11.78h160.24c.04-.26.07-.51.11-.78 9.85-33.22 35.69-72.6 52.21-91.45C335.55 260.85 352 220.37 352 176 352 78.61 272.91-.3 175.45 0 73.44.31 0 82.97 0 176zm176-80c-44.11 0-80 35.89-80 80 0 8.84-7.16 16-16 16s-16-7.16-16-16c0-61.76 50.24-112 112-112 8.84 0 16 7.16 16 16s-7.16 16-16 16z\"><\/path><\/svg>                                                            \n                                                            <span class=\"eael-tab-title title-after-icon\" >Caract\u00e9ristiques<\/span>                            \n                                                    <\/li>\n                                            <li id=\"options\" class=\"inactive eael-tab-item-trigger eael-tab-nav-item\" aria-selected=\"false\" data-tab=\"2\" role=\"tab\" tabindex=\"-1\" aria-controls=\"options-tab\" aria-expanded=\"false\">\n                            \n                                                                <svg class=\"e-font-icon-svg e-fas-eye\" viewBox=\"0 0 576 512\" xmlns=\"http:\/\/www.w3.org\/2000\/svg\"><path d=\"M572.52 241.4C518.29 135.59 410.93 64 288 64S57.68 135.64 3.48 241.41a32.35 32.35 0 0 0 0 29.19C57.71 376.41 165.07 448 288 448s230.32-71.64 284.52-177.41a32.35 32.35 0 0 0 0-29.19zM288 400a144 144 0 1 1 144-144 143.93 143.93 0 0 1-144 144zm0-240a95.31 95.31 0 0 0-25.31 3.79 47.85 47.85 0 0 1-66.9 66.9A95.78 95.78 0 1 0 288 160z\"><\/path><\/svg>                                                            \n                                                            <span class=\"eael-tab-title title-after-icon\" >Options<\/span>                            \n                                                    <\/li>\n                    \n                                  <\/ul>\n            <\/div>\n            \n            <div class=\"eael-tabs-content\">\n\t\t        \n                    <div id=\"caractristiques-tab\" class=\"clearfix eael-tab-content-item active-default\" data-title-link=\"caractristiques-tab\">\n\t\t\t\t        <ul>\n<li>Tissu polyester\/coton 65\/35%, 245 grammes par m\u00e8tre carr\u00e9.<\/li>\n<li>Fil de polyester enduit de coton 80\/3.<\/li>\n<li>Fermeture \u00e9clair inject\u00e9e n\u00b0 5.<\/li>\n<li>Poignets \u00e9lastiques en polyester.<\/li>\n<li>Fermeture par bande (velcro) de 20 mm.<\/li>\n<li>Fermoirs en alliage de laiton et de nickel 500.<\/li>\n<li>Boutons en polyester.<\/li>\n<li>Bande r\u00e9fl\u00e9chissante 40 m\/m 50 cycles.<\/li>\n<li>Garniture r\u00e9fl\u00e9chissante, 50 cycles.<\/li>\n<\/ul>\n                    <\/div>\n\t\t        \n                    <div id=\"options-tab\" class=\"clearfix eael-tab-content-item inactive\" data-title-link=\"options-tab\">\n\t\t\t\t        <ul>\n<li>Diff\u00e9rents types de cols tels que Mao, chemise, Peter Pan, etc. (pour les robes uniquement)<\/li>\n<li>\u00c9paules coup\u00e9es, manches mont\u00e9es ou manches raglan<\/li>\n<li>Poches avec ou sans fermeture, celle-ci \u00e0 rabat et velcro ou \u00e0 fermeture \u00e9clair<\/li>\n<li>poches plaqu\u00e9es ou poches \u00e0 poches<\/li>\n<li>Manches amovibles avec fermeture \u00e9clair<\/li>\n<li>Jambes amovibles avec fermetures \u00e9clair<\/li>\n<li>Ourlet avec fermeture \u00e9clair (facilite l&rsquo;enfilage du v\u00eatement avec des chaussures)<\/li>\n<li>Ourlets courts avec fermeture Velcro pour s&rsquo;ajuster avec des bottes hautes<\/li>\n<li>Poche sup\u00e9rieure avec s\u00e9parateur<\/li>\n<li>Poches de diff\u00e9rentes tailles (usages vari\u00e9s) plac\u00e9es l\u00e0 o\u00f9 c&rsquo;est pratique<\/li>\n<li>ceinture \u00e9lastique<\/li>\n<li>Options de personnalisation du logo : jambe, poches, dos, manches, col, par broderie, s\u00e9rigraphie ou vinyle.<\/li>\n<li>Fermeture avant par zip inject\u00e9 ou Velcro.<\/li>\n<li>Option pour les housses \u00e0 fermeture \u00e9clair<\/li>\n<li>Des goussets arri\u00e8re peuvent \u00eatre ajout\u00e9s<\/li>\n<li>Un panneau en maille respirante peut \u00eatre fix\u00e9 dans le haut du dos.<\/li>\n<\/ul>\n                    <\/div>\n\t\t                    <\/div>\n        <\/div>\n\t\t\t\t<\/div>\n\t\t\t\t<div class=\"elementor-element elementor-element-c817f12 elementor-widget elementor-widget-image-gallery\" data-id=\"c817f12\" data-element_type=\"widget\" data-e-type=\"widget\" data-widget_type=\"image-gallery.default\">\n\t\t\t\t\t\t\t<div class=\"elementor-image-gallery\">\n\t\t\t<div id='gallery-1' class='gallery galleryid-2445 gallery-columns-4 gallery-size-thumbnail'><figure class='gallery-item'>\n\t\t\t<div class='gallery-icon portrait'>\n\t\t\t\t<a data-elementor-open-lightbox=\"yes\" data-elementor-lightbox-slideshow=\"c817f12\" data-elementor-lightbox-title=\"fabricante batas de trabajo personalizadas\" data-e-action-hash=\"#elementor-action%3Aaction%3Dlightbox%26settings%3DeyJpZCI6MjQ0OCwidXJsIjoiaHR0cHM6XC9cL3hvcnNhLmNvbVwvd3AtY29udGVudFwvdXBsb2Fkc1wvMjAyNlwvMDJcL1hPUlNBX0JBVEFTXzEtMS5wbmciLCJzbGlkZXNob3ciOiJjODE3ZjEyIn0%3D\" href='https:\/\/xorsa.com\/wp-content\/uploads\/2026\/02\/XORSA_BATAS_1-1.png'><img decoding=\"async\" width=\"150\" height=\"150\" src=\"https:\/\/xorsa.com\/wp-content\/uploads\/2026\/02\/XORSA_BATAS_1-1-150x150.png\" class=\"attachment-thumbnail size-thumbnail\" alt=\"batas de trabajo a medida\" srcset=\"https:\/\/xorsa.com\/wp-content\/uploads\/2026\/02\/XORSA_BATAS_1-1-150x150.png 150w, https:\/\/xorsa.com\/wp-content\/uploads\/2026\/02\/XORSA_BATAS_1-1-420x420.png 420w, https:\/\/xorsa.com\/wp-content\/uploads\/2026\/02\/XORSA_BATAS_1-1-100x100.png 100w\" sizes=\"(max-width: 150px) 100vw, 150px\" \/><\/a>\n\t\t\t<\/div><\/figure><figure class='gallery-item'>\n\t\t\t<div class='gallery-icon portrait'>\n\t\t\t\t<a data-elementor-open-lightbox=\"yes\" data-elementor-lightbox-slideshow=\"c817f12\" data-elementor-lightbox-title=\"fabricante batas de trabajo a medida\" data-e-action-hash=\"#elementor-action%3Aaction%3Dlightbox%26settings%3DeyJpZCI6MjQ0OSwidXJsIjoiaHR0cHM6XC9cL3hvcnNhLmNvbVwvd3AtY29udGVudFwvdXBsb2Fkc1wvMjAyNlwvMDJcL1hPUlNBX0JBVEFTXzItMS5wbmciLCJzbGlkZXNob3ciOiJjODE3ZjEyIn0%3D\" href='https:\/\/xorsa.com\/wp-content\/uploads\/2026\/02\/XORSA_BATAS_2-1.png'><img decoding=\"async\" width=\"150\" height=\"150\" src=\"https:\/\/xorsa.com\/wp-content\/uploads\/2026\/02\/XORSA_BATAS_2-1-150x150.png\" class=\"attachment-thumbnail size-thumbnail\" alt=\"batas de trabajo a medida fabricante\" srcset=\"https:\/\/xorsa.com\/wp-content\/uploads\/2026\/02\/XORSA_BATAS_2-1-150x150.png 150w, https:\/\/xorsa.com\/wp-content\/uploads\/2026\/02\/XORSA_BATAS_2-1-420x420.png 420w, https:\/\/xorsa.com\/wp-content\/uploads\/2026\/02\/XORSA_BATAS_2-1-100x100.png 100w\" sizes=\"(max-width: 150px) 100vw, 150px\" \/><\/a>\n\t\t\t<\/div><\/figure>\n\t\t<\/div>\n\t\t<\/div>\n\t\t\t\t\t\t<\/div>\n\t\t\t\t<\/div>\n\t\t\t\t\t<\/div>\n\t\t\t\t<\/div>\n\t\t<div class=\"elementor-element elementor-element-7d348a6 e-flex e-con-boxed e-con e-parent\" data-id=\"7d348a6\" data-element_type=\"container\" data-e-type=\"container\">\n\t\t\t\t\t<div class=\"e-con-inner\">\n\t\t\t\t<div class=\"elementor-element elementor-element-cda9494 elementor-widget elementor-widget-heading\" data-id=\"cda9494\" data-element_type=\"widget\" data-e-type=\"widget\" data-widget_type=\"heading.default\">\n\t\t\t\t\t<h2 class=\"elementor-heading-title elementor-size-default\">\u00c9galement \u00e0 Xorsa<\/h2>\t\t\t\t<\/div>\n\t\t\t\t\t<\/div>\n\t\t\t\t<\/div>\n\t\t<div class=\"elementor-element elementor-element-11c9cb0 e-flex e-con-boxed e-con e-parent\" data-id=\"11c9cb0\" data-element_type=\"container\" data-e-type=\"container\">\n\t\t\t\t\t<div class=\"e-con-inner\">\n\t\t<div class=\"elementor-element elementor-element-1f61240 e-con-full e-flex e-con e-child\" data-id=\"1f61240\" data-element_type=\"container\" data-e-type=\"container\">\n\t\t\t\t<div class=\"elementor-element elementor-element-c9e842c elementor-position-left elementor-vertical-align-middle e-transform elementor-widget elementor-widget-image-box\" data-id=\"c9e842c\" data-element_type=\"widget\" data-e-type=\"widget\" data-settings=\"{&quot;_transform_scale_effect_hover&quot;:{&quot;unit&quot;:&quot;px&quot;,&quot;size&quot;:1.1,&quot;sizes&quot;:[]},&quot;_transform_scale_effect_hover_tablet&quot;:{&quot;unit&quot;:&quot;px&quot;,&quot;size&quot;:&quot;&quot;,&quot;sizes&quot;:[]},&quot;_transform_scale_effect_hover_mobile&quot;:{&quot;unit&quot;:&quot;px&quot;,&quot;size&quot;:&quot;&quot;,&quot;sizes&quot;:[]}}\" data-widget_type=\"image-box.default\">\n\t\t\t\t\t<div class=\"elementor-image-box-wrapper\"><figure class=\"elementor-image-box-img\"><a href=\"https:\/\/xorsa.com\/monos-y-buzos-de-trabajo\/\" tabindex=\"-1\"><img loading=\"lazy\" decoding=\"async\" width=\"750\" height=\"1000\" src=\"https:\/\/xorsa.com\/wp-content\/uploads\/2026\/02\/XORSA_BUZOS_5.png\" class=\"attachment-full size-full wp-image-2450\" alt=\"fabricaci\u00f3n de buzos de trabajo personalizados\" srcset=\"https:\/\/xorsa.com\/wp-content\/uploads\/2026\/02\/XORSA_BUZOS_5.png 750w, https:\/\/xorsa.com\/wp-content\/uploads\/2026\/02\/XORSA_BUZOS_5-225x300.png 225w, https:\/\/xorsa.com\/wp-content\/uploads\/2026\/02\/XORSA_BUZOS_5-230x307.png 230w, https:\/\/xorsa.com\/wp-content\/uploads\/2026\/02\/XORSA_BUZOS_5-350x467.png 350w, https:\/\/xorsa.com\/wp-content\/uploads\/2026\/02\/XORSA_BUZOS_5-480x640.png 480w\" sizes=\"(max-width: 750px) 100vw, 750px\" \/><\/a><\/figure><div class=\"elementor-image-box-content\"><h3 class=\"elementor-image-box-title\"><a href=\"https:\/\/xorsa.com\/monos-y-buzos-de-trabajo\/\">salopettes et tenues de travail<\/a><\/h3><\/div><\/div>\t\t\t\t<\/div>\n\t\t\t\t<\/div>\n\t\t<div class=\"elementor-element elementor-element-8941ecb e-con-full e-flex e-con e-child\" data-id=\"8941ecb\" data-element_type=\"container\" data-e-type=\"container\">\n\t\t\t\t<div class=\"elementor-element elementor-element-c92078e elementor-position-left elementor-vertical-align-middle e-transform elementor-widget elementor-widget-image-box\" data-id=\"c92078e\" data-element_type=\"widget\" data-e-type=\"widget\" data-settings=\"{&quot;_transform_scale_effect_hover&quot;:{&quot;unit&quot;:&quot;px&quot;,&quot;size&quot;:1.1,&quot;sizes&quot;:[]},&quot;_transform_scale_effect_hover_tablet&quot;:{&quot;unit&quot;:&quot;px&quot;,&quot;size&quot;:&quot;&quot;,&quot;sizes&quot;:[]},&quot;_transform_scale_effect_hover_mobile&quot;:{&quot;unit&quot;:&quot;px&quot;,&quot;size&quot;:&quot;&quot;,&quot;sizes&quot;:[]}}\" data-widget_type=\"image-box.default\">\n\t\t\t\t\t<div class=\"elementor-image-box-wrapper\"><figure class=\"elementor-image-box-img\"><a href=\"https:\/\/xorsa.com\/petos-de-trabajo\/\" tabindex=\"-1\"><img loading=\"lazy\" decoding=\"async\" width=\"750\" height=\"1000\" src=\"https:\/\/xorsa.com\/wp-content\/uploads\/2026\/02\/XORSA_PETOS_2.png\" class=\"attachment-full size-full wp-image-2451\" alt=\"\" srcset=\"https:\/\/xorsa.com\/wp-content\/uploads\/2026\/02\/XORSA_PETOS_2.png 750w, https:\/\/xorsa.com\/wp-content\/uploads\/2026\/02\/XORSA_PETOS_2-225x300.png 225w, https:\/\/xorsa.com\/wp-content\/uploads\/2026\/02\/XORSA_PETOS_2-230x307.png 230w, https:\/\/xorsa.com\/wp-content\/uploads\/2026\/02\/XORSA_PETOS_2-350x467.png 350w, https:\/\/xorsa.com\/wp-content\/uploads\/2026\/02\/XORSA_PETOS_2-480x640.png 480w\" sizes=\"(max-width: 750px) 100vw, 750px\" \/><\/a><\/figure><div class=\"elementor-image-box-content\"><h3 class=\"elementor-image-box-title\"><a href=\"https:\/\/xorsa.com\/petos-de-trabajo\/\">gilets de travail personnalis\u00e9s<\/a><\/h3><\/div><\/div>\t\t\t\t<\/div>\n\t\t\t\t<\/div>\n\t\t\t\t\t<\/div>\n\t\t\t\t<\/div>\n\t\t<div class=\"elementor-element elementor-element-895fa57 e-con-full e-flex elementor-invisible e-con e-parent\" data-id=\"895fa57\" data-element_type=\"container\" data-e-type=\"container\" data-settings=\"{&quot;background_background&quot;:&quot;classic&quot;,&quot;shape_divider_top&quot;:&quot;opacity-tilt&quot;,&quot;shape_divider_bottom&quot;:&quot;opacity-tilt&quot;,&quot;animation&quot;:&quot;fadeIn&quot;}\">\n\t\t\t\t<div class=\"elementor-shape elementor-shape-top\" aria-hidden=\"true\" data-negative=\"false\">\n\t\t\t<svg xmlns=\"http:\/\/www.w3.org\/2000\/svg\" viewBox=\"0 0 2600 131.1\" preserveAspectRatio=\"none\">\n\t<path class=\"elementor-shape-fill\" d=\"M0 0L2600 0 2600 69.1 0 0z\"\/>\n\t<path class=\"elementor-shape-fill\" style=\"opacity:0.5\" d=\"M0 0L2600 0 2600 69.1 0 69.1z\"\/>\n\t<path class=\"elementor-shape-fill\" style=\"opacity:0.25\" d=\"M2600 0L0 0 0 130.1 2600 69.1z\"\/>\n<\/svg>\t\t<\/div>\n\t\t\t\t<div class=\"elementor-shape elementor-shape-bottom\" aria-hidden=\"true\" data-negative=\"false\">\n\t\t\t<svg xmlns=\"http:\/\/www.w3.org\/2000\/svg\" viewBox=\"0 0 2600 131.1\" preserveAspectRatio=\"none\">\n\t<path class=\"elementor-shape-fill\" d=\"M0 0L2600 0 2600 69.1 0 0z\"\/>\n\t<path class=\"elementor-shape-fill\" style=\"opacity:0.5\" d=\"M0 0L2600 0 2600 69.1 0 69.1z\"\/>\n\t<path class=\"elementor-shape-fill\" style=\"opacity:0.25\" d=\"M2600 0L0 0 0 130.1 2600 69.1z\"\/>\n<\/svg>\t\t<\/div>\n\t\t<div class=\"elementor-element elementor-element-7557651 e-con-full e-flex e-con e-child\" data-id=\"7557651\" data-element_type=\"container\" data-e-type=\"container\">\n\t\t\t\t<\/div>\n\t\t<div class=\"elementor-element elementor-element-2be24fe e-con-full e-flex elementor-invisible e-con e-child\" data-id=\"2be24fe\" data-element_type=\"container\" data-e-type=\"container\" data-settings=\"{&quot;animation&quot;:&quot;fadeInLeft&quot;}\">\n\t\t\t\t<div class=\"elementor-element elementor-element-c293e81 elementor-widget elementor-widget-spacer\" data-id=\"c293e81\" data-element_type=\"widget\" data-e-type=\"widget\" data-widget_type=\"spacer.default\">\n\t\t\t\t\t\t\t<div class=\"elementor-spacer\">\n\t\t\t<div class=\"elementor-spacer-inner\"><\/div>\n\t\t<\/div>\n\t\t\t\t\t\t<\/div>\n\t\t\t\t<div class=\"elementor-element elementor-element-a9d88e5 elementor-widget elementor-widget-heading\" data-id=\"a9d88e5\" data-element_type=\"widget\" data-e-type=\"widget\" data-widget_type=\"heading.default\">\n\t\t\t\t\t<h2 class=\"elementor-heading-title elementor-size-default\">Demander plus d'informations<\/h2>\t\t\t\t<\/div>\n\t\t\t\t<div class=\"elementor-element elementor-element-e865eb8 elementor-widget elementor-widget-heading\" data-id=\"e865eb8\" data-element_type=\"widget\" data-e-type=\"widget\" data-widget_type=\"heading.default\">\n\t\t\t\t\t<h6 class=\"elementor-heading-title elementor-size-default\">\u00e0 propos de ce produit<\/h6>\t\t\t\t<\/div>\n\t\t\t\t<div class=\"elementor-element elementor-element-e12cc71 elementor-widget elementor-widget-spacer\" data-id=\"e12cc71\" data-element_type=\"widget\" data-e-type=\"widget\" data-widget_type=\"spacer.default\">\n\t\t\t\t\t\t\t<div class=\"elementor-spacer\">\n\t\t\t<div class=\"elementor-spacer-inner\"><\/div>\n\t\t<\/div>\n\t\t\t\t\t\t<\/div>\n\t\t\t\t<\/div>\n\t\t<div class=\"elementor-element elementor-element-3d43911 e-con-full e-flex elementor-invisible e-con e-child\" data-id=\"3d43911\" data-element_type=\"container\" data-e-type=\"container\" data-settings=\"{&quot;animation&quot;:&quot;fadeInRight&quot;}\">\n\t\t\t\t<div class=\"elementor-element elementor-element-ce5f3fb elementor-align-center animated-slow e-transform elementor-widget elementor-widget-button\" data-id=\"ce5f3fb\" data-element_type=\"widget\" data-e-type=\"widget\" data-settings=\"{&quot;_animation&quot;:&quot;none&quot;,&quot;_animation_delay&quot;:800,&quot;_transform_scale_effect_hover&quot;:{&quot;unit&quot;:&quot;px&quot;,&quot;size&quot;:1.1,&quot;sizes&quot;:[]},&quot;_transform_scale_effect_hover_tablet&quot;:{&quot;unit&quot;:&quot;px&quot;,&quot;size&quot;:&quot;&quot;,&quot;sizes&quot;:[]},&quot;_transform_scale_effect_hover_mobile&quot;:{&quot;unit&quot;:&quot;px&quot;,&quot;size&quot;:&quot;&quot;,&quot;sizes&quot;:[]}}\" data-widget_type=\"button.default\">\n\t\t\t\t\t\t\t\t\t\t<a class=\"elementor-button elementor-button-link elementor-size-sm\" href=\"https:\/\/xorsa.com\/fr\/contact\/\">\n\t\t\t\t\t\t<span class=\"elementor-button-content-wrapper\">\n\t\t\t\t\t\t<span class=\"elementor-button-icon\">\n\t\t\t\t<svg aria-hidden=\"true\" class=\"e-font-icon-svg e-far-envelope-open\" viewBox=\"0 0 512 512\" xmlns=\"http:\/\/www.w3.org\/2000\/svg\"><path d=\"M494.586 164.516c-4.697-3.883-111.723-89.95-135.251-108.657C337.231 38.191 299.437 0 256 0c-43.205 0-80.636 37.717-103.335 55.859-24.463 19.45-131.07 105.195-135.15 108.549A48.004 48.004 0 0 0 0 201.485V464c0 26.51 21.49 48 48 48h416c26.51 0 48-21.49 48-48V201.509a48 48 0 0 0-17.414-36.993zM464 458a6 6 0 0 1-6 6H54a6 6 0 0 1-6-6V204.347c0-1.813.816-3.526 2.226-4.665 15.87-12.814 108.793-87.554 132.364-106.293C200.755 78.88 232.398 48 256 48c23.693 0 55.857 31.369 73.41 45.389 23.573 18.741 116.503 93.493 132.366 106.316a5.99 5.99 0 0 1 2.224 4.663V458zm-31.991-187.704c4.249 5.159 3.465 12.795-1.745 16.981-28.975 23.283-59.274 47.597-70.929 56.863C336.636 362.283 299.205 400 256 400c-43.452 0-81.287-38.237-103.335-55.86-11.279-8.967-41.744-33.413-70.927-56.865-5.21-4.187-5.993-11.822-1.745-16.981l15.258-18.528c4.178-5.073 11.657-5.843 16.779-1.726 28.618 23.001 58.566 47.035 70.56 56.571C200.143 320.631 232.307 352 256 352c23.602 0 55.246-30.88 73.41-45.389 11.994-9.535 41.944-33.57 70.563-56.568 5.122-4.116 12.601-3.346 16.778 1.727l15.258 18.526z\"><\/path><\/svg>\t\t\t<\/span>\n\t\t\t\t\t\t\t\t\t<span class=\"elementor-button-text\">CONTACTEZ-NOUS D\u00c8S MAINTENANT<\/span>\n\t\t\t\t\t<\/span>\n\t\t\t\t\t<\/a>\n\t\t\t\t\t\t\t\t<\/div>\n\t\t\t\t<\/div>\n\t\t<div class=\"elementor-element elementor-element-230c30f e-con-full e-flex e-con e-child\" data-id=\"230c30f\" data-element_type=\"container\" data-e-type=\"container\">\n\t\t\t\t<\/div>\n\t\t\t\t<\/div>\n\t\t\t\t<\/div>\n\t\t","protected":false},"excerpt":{"rendered":"<p>Robes et costumes sur mesure Caract\u00e9ristiques Options Tissu polyester\/coton 65\/35%, 245 grammes par m\u00e8tre carr\u00e9. Fil de polyester enduit de coton 80\/3. [&hellip;]<\/p>\n","protected":false},"author":1,"featured_media":0,"parent":0,"menu_order":0,"comment_status":"closed","ping_status":"closed","template":"elementor_header_footer","meta":{"footnotes":""},"class_list":["post-2445","page","type-page","status-publish","hentry"],"_links":{"self":[{"href":"https:\/\/xorsa.com\/fr\/wp-json\/wp\/v2\/pages\/2445","targetHints":{"allow":["GET"]}}],"collection":[{"href":"https:\/\/xorsa.com\/fr\/wp-json\/wp\/v2\/pages"}],"about":[{"href":"https:\/\/xorsa.com\/fr\/wp-json\/wp\/v2\/types\/page"}],"author":[{"embeddable":true,"href":"https:\/\/xorsa.com\/fr\/wp-json\/wp\/v2\/users\/1"}],"replies":[{"embeddable":true,"href":"https:\/\/xorsa.com\/fr\/wp-json\/wp\/v2\/comments?post=2445"}],"version-history":[{"count":1,"href":"https:\/\/xorsa.com\/fr\/wp-json\/wp\/v2\/pages\/2445\/revisions"}],"predecessor-version":[{"id":2452,"href":"https:\/\/xorsa.com\/fr\/wp-json\/wp\/v2\/pages\/2445\/revisions\/2452"}],"wp:attachment":[{"href":"https:\/\/xorsa.com\/fr\/wp-json\/wp\/v2\/media?parent=2445"}],"curies":[{"name":"wp","href":"https:\/\/api.w.org\/{rel}","templated":true}]}}