{"id":2356,"date":"2026-02-10T19:04:47","date_gmt":"2026-02-10T18:04:47","guid":{"rendered":"https:\/\/xorsa.com\/producto\/schutzanzug-gegen-asiatische-hornisse-modell-1512\/"},"modified":"2026-02-10T19:04:47","modified_gmt":"2026-02-10T18:04:47","slug":"schutzanzug-gegen-asiatische-hornisse-modell-1512","status":"publish","type":"product","link":"https:\/\/xorsa.com\/de\/producto\/schutzanzug-gegen-asiatische-hornisse-modell-1512\/","title":{"rendered":"Schutzanzug gegen Asiatische Hornisse Modell 1512"},"content":{"rendered":"<h2>Asiatischen Hornissen-Schutzanzug online kaufen<\/h2>\n<p>Patentierte Schutzanz\u00fcge gegen die Asiatische Hornisse aus doppellagigem, weichem Polyestergewebe.<\/p>\n<p>Bei Xorsa fertigen wir alle ben\u00f6tigten Gr\u00f6\u00dfen.<\/p>\n","protected":false},"excerpt":{"rendered":"<p>SPEZIALAUSR\u00dcSTUNG ZUR BRUSTFREIUNG<\/p>\n<h2>Gewebe<\/h2>\n<ul>\n<li>Obermaterial aus 100 % schwarzem Kordura-Gewebe mit einem Gewicht von 290 g\/m\u00b2.<\/li>\n<li>Weiches Material aus 100% Polyester mit einem Gewicht von ca. 200 g\/m\u00b2.<\/li>\n<li>Schwarzes Innenfutter aus 65 % Polyester \/ 35 % Baumwolle mit einem Gewicht von 240 g\/m\u00b2.<\/li>\n<li>Innenmaterial aus 65 % Polyester und 35 % Baumwolle mit einem Gewicht von 240 g\/m\u00b2.<\/li>\n<li>Atmungsaktives 3D-Mesh-R\u00fcckenteil mit doppeltem 100% Polyestergewebe, Gewicht 260 g\/m\u00b2.<\/li>\n<li>Nickelfreier Metallrei\u00dfverschluss mit Trennelement zum Verschlie\u00dfen der Kapuze mit Zugband.<\/li>\n<li>Nickelfreier Metallrei\u00dfverschluss vorne mit zwei Schiebern.<\/li>\n<li>Verstellbarer G\u00fcrtel mit Schnellverschluss.<\/li>\n<li>Zugelassener, verstellbarer Helm mit Drehrad und Kinnriemen, mit Polycarbonat-Visier, das an den Helm angepasst ist und \u00fcber Bel\u00fcftungsl\u00f6cher verf\u00fcgt.<\/li>\n<li>Dunstabzugshaube mit 2&#215;2 Teflon-beschichtetem Fiberglasgewebestreifen in Schwarz, 180-Grad-Sichtfeld und reduziertem Volumen.<\/li>\n<li>Zertifizierte, gummierte, durchstichfeste Handschuhe mit Kevlar-Innenseite und Stoffb\u00fcndchen mit Gummizug am Ende.<\/li>\n<li>Gamaschen mit Gummizug oben und unten sowie einem dritten Gummiband zur Fixierung der Fu\u00dfsohle.<\/li>\n<\/ul>\n<h2>Vorschriften<\/h2>\n<ul>\n<li>ZERTIFIZIERT VON AITEX Nr. 21\/4277\/00\/0161<\/li>\n<li>Patentiertes Modell<\/li>\n<\/ul>\n<p><a class=\"button\" style=\"background-color: #ff5819; color: #fff; border-radius: 20px;\" href=\"https:\/\/xorsa.com\/de\/groessenratgeber\/\"><i class=\"fa fa-ruler\"><\/i> Gr\u00f6\u00dfenratgeber<\/a><\/p>\n","protected":false},"featured_media":1583,"template":"","meta":[],"product_brand":[],"product_cat":[36],"product_tag":[],"class_list":{"0":"post-2356","1":"product","2":"type-product","3":"status-publish","4":"has-post-thumbnail","6":"product_cat-shop","8":"first","9":"instock","10":"taxable","11":"shipping-taxable","12":"purchasable","13":"product-type-variable"},"_links":{"self":[{"href":"https:\/\/xorsa.com\/de\/wp-json\/wp\/v2\/product\/2356","targetHints":{"allow":["GET"]}}],"collection":[{"href":"https:\/\/xorsa.com\/de\/wp-json\/wp\/v2\/product"}],"about":[{"href":"https:\/\/xorsa.com\/de\/wp-json\/wp\/v2\/types\/product"}],"wp:featuredmedia":[{"embeddable":true,"href":"https:\/\/xorsa.com\/de\/wp-json\/wp\/v2\/media\/1583"}],"wp:attachment":[{"href":"https:\/\/xorsa.com\/de\/wp-json\/wp\/v2\/media?parent=2356"}],"wp:term":[{"taxonomy":"product_brand","embeddable":true,"href":"https:\/\/xorsa.com\/de\/wp-json\/wp\/v2\/product_brand?post=2356"},{"taxonomy":"product_cat","embeddable":true,"href":"https:\/\/xorsa.com\/de\/wp-json\/wp\/v2\/product_cat?post=2356"},{"taxonomy":"product_tag","embeddable":true,"href":"https:\/\/xorsa.com\/de\/wp-json\/wp\/v2\/product_tag?post=2356"}],"curies":[{"name":"wp","href":"https:\/\/api.w.org\/{rel}","templated":true}]}}