{"id":2284,"date":"2026-02-10T19:04:31","date_gmt":"2026-02-10T18:04:31","guid":{"rendered":"https:\/\/xorsa.com\/producto\/schutzanzug-gegen-bienenstiche-imker-overall\/"},"modified":"2026-02-10T19:04:31","modified_gmt":"2026-02-10T18:04:31","slug":"schutzanzug-gegen-bienenstiche-imker-overall","status":"publish","type":"product","link":"https:\/\/xorsa.com\/de\/producto\/schutzanzug-gegen-bienenstiche-imker-overall\/","title":{"rendered":"Schutzanzug gegen Bienenstiche \u2013 Imker-Overall"},"content":{"rendered":"<p><iframe title=\"YouTube video player\" src=\"https:\/\/www.youtube.com\/embed\/5Di_FWiX3HU?si=YFzwRGMyhssbmMTc\" width=\"100%\" height=\"400\" frameborder=\"0\" allowfullscreen=\"allowfullscreen\"><span style=\"display: inline-block; width: 0px; overflow: hidden; line-height: 0;\" data-mce-type=\"bookmark\" class=\"mce_SELRES_start\"><\/span><\/iframe><\/p>\n<h2>Bienenstichschutzanzug online kaufen<\/h2>\n<p>Schutzanz\u00fcge gegen Bienen.<\/p>\n<p>Bei Xorsa fertigen wir alle ben\u00f6tigten Gr\u00f6\u00dfen.<\/p>\n","protected":false},"excerpt":{"rendered":"<h2>Gewebe:<\/h2>\n<ul>\n<li>Doppellagiger Stoff.<\/li>\n<li>Wei\u00dfer Oberstoff, bestehend aus 65 % Polyester und 35 % Baumwolle, mit einem Gewicht von 240 g\/m\u00b2.<\/li>\n<li>Wei\u00dfes Innenfutter aus 65 % Polyester und 35 % Baumwolle mit einem Gewicht von 240 g\/m\u00b2.<\/li>\n<\/ul>\n<h2>Oberer Teil des Tauchers (Kopfbereich):<\/h2>\n<ul>\n<li>Dunstabzugshaube mit 2&#215;2 Teflon-beschichtetem Fiberglasgewebestreifen, 180-Grad-Sichtfeld und reduziertem Volumen.<\/li>\n<\/ul>\n<h2>Rei\u00dfverschl\u00fcsse:<\/h2>\n<ul>\n<li><strong>Kapuze<\/strong>: 115 cm langer Metallrei\u00dfverschluss mit Trennfach und Kordelzug, alles in Schwarz.<\/li>\n<li><strong>Vorderseite<\/strong>: Metallrei\u00dfverschluss mit zwei Schiebern. Und Rei\u00dfverschlussabdeckung mit Klettverschluss. <\/li>\n<li><strong>Taschen<\/strong>: Nylon-Rei\u00dfverschluss Nr. 5 mit Stiftschieber.<\/li>\n<li><strong>Unterteil zum einfachen Anziehen mit Schuhen<\/strong>: Nylonrei\u00dfverschluss Nr. 5 mit Stiftschieber.<\/li>\n<\/ul>\n<h2>K\u00f6rperverstellbare Teile:<\/h2>\n<ul>\n<li>Elastische B\u00fcndchen an den \u00c4rmeln.<\/li>\n<li>Elastisches Band auf der R\u00fcckseite zur Gr\u00f6\u00dfenanpassung.<\/li>\n<li>\u00c4rmel mit Gummizug am Saum.<\/li>\n<\/ul>\n<h2>\u00c4sthetik der Taucher:<\/h2>\n<ul>\n<li>Stehkragen.<\/li>\n<\/ul>\n<p><a class=\"button\" style=\"background-color: #ff5819; color: #fff; border-radius: 20px;\" href=\"https:\/\/xorsa.com\/de\/groessenratgeber\/\"><i class=\"fa fa-ruler\"><\/i> Gr\u00f6\u00dfenratgeber<\/a><\/p>\n","protected":false},"featured_media":312,"template":"","meta":[],"product_brand":[],"product_cat":[36],"product_tag":[],"class_list":{"0":"post-2284","1":"product","2":"type-product","3":"status-publish","4":"has-post-thumbnail","6":"product_cat-shop","8":"first","9":"instock","10":"taxable","11":"shipping-taxable","12":"purchasable","13":"product-type-variable"},"_links":{"self":[{"href":"https:\/\/xorsa.com\/de\/wp-json\/wp\/v2\/product\/2284","targetHints":{"allow":["GET"]}}],"collection":[{"href":"https:\/\/xorsa.com\/de\/wp-json\/wp\/v2\/product"}],"about":[{"href":"https:\/\/xorsa.com\/de\/wp-json\/wp\/v2\/types\/product"}],"wp:featuredmedia":[{"embeddable":true,"href":"https:\/\/xorsa.com\/de\/wp-json\/wp\/v2\/media\/312"}],"wp:attachment":[{"href":"https:\/\/xorsa.com\/de\/wp-json\/wp\/v2\/media?parent=2284"}],"wp:term":[{"taxonomy":"product_brand","embeddable":true,"href":"https:\/\/xorsa.com\/de\/wp-json\/wp\/v2\/product_brand?post=2284"},{"taxonomy":"product_cat","embeddable":true,"href":"https:\/\/xorsa.com\/de\/wp-json\/wp\/v2\/product_cat?post=2284"},{"taxonomy":"product_tag","embeddable":true,"href":"https:\/\/xorsa.com\/de\/wp-json\/wp\/v2\/product_tag?post=2284"}],"curies":[{"name":"wp","href":"https:\/\/api.w.org\/{rel}","templated":true}]}}