{"id":2194,"date":"2026-02-10T18:45:43","date_gmt":"2026-02-10T17:45:43","guid":{"rendered":"https:\/\/xorsa.com\/producto\/schutzanzug-gegen-asiatische-hornisse-modell-1510\/"},"modified":"2026-02-10T18:45:43","modified_gmt":"2026-02-10T17:45:43","slug":"schutzanzug-gegen-asiatische-hornisse-modell-1510","status":"publish","type":"product","link":"https:\/\/xorsa.com\/de\/producto\/schutzanzug-gegen-asiatische-hornisse-modell-1510\/","title":{"rendered":"Schutzanzug gegen Asiatische Hornisse Modell 1510"},"content":{"rendered":"<p>Patentierte Schutzanz\u00fcge gegen die Asiatische Hornisse aus doppellagigem, weichem Polyestergewebe in Beige.<\/p>\n<p>Wir fertigen alle ben\u00f6tigten Gr\u00f6\u00dfen.<\/p>\n","protected":false},"excerpt":{"rendered":"<h2>Tejido<\/h2>\n<ul>\n<li>Doppellagiger Stoff aus weichem Polyester.<\/li>\n<li>Beigefarbener Oberstoff, bestehend aus 65 % Polyester und 35 % Baumwolle, mit einem Gewicht von 240 g\/m\u00b2.<\/li>\n<li>Weiches Material aus 100% Polyester mit einem Gewicht von 200 g\/m\u00b2.<\/li>\n<li>Innenmaterial aus 65 % Polyester und 35 % Baumwolle mit einem Gewicht von 240 g\/m\u00b2.<\/li>\n<li>Haube mit Teflon-beschichtetem Glasgewebestreifen 2\u00d72 mm.<\/li>\n<li>Gepolsterter Schutz vom Nacken bis zu den Ohren.<\/li>\n<li>Zugelassener Helm (EN397), verstellbar mit Drehrad und Kinnriemen, mit Polycarbonat-Visier (EN 1661B 3) und Bel\u00fcftungsl\u00f6chern.<\/li>\n<li>Nylonrei\u00dfverschluss mit Schieber und Trennelement zum Verschlie\u00dfen der Kapuze.<\/li>\n<li>Metallener Frontrei\u00dfverschluss mit Doppelschieber.<\/li>\n<li>Kompletter Rei\u00dfverschlussbezug mit Klettverschluss.<\/li>\n<li>Ein Spr\u00fchbeh\u00e4lter auf der R\u00fcckseite, der mit zwei Gummib\u00e4ndern befestigt ist, und ein weiterer am Bein, der ebenfalls mit zwei Gummib\u00e4ndern befestigt ist.<\/li>\n<li>Verstellbarer G\u00fcrtel aus Nylon mit Schnellverschluss.<\/li>\n<li>Zwei untere Vordertaschen mit Nylonrei\u00dfverschluss.<\/li>\n<li>Elastische B\u00fcndchen an den \u00c4rmeln.<\/li>\n<li>Zertifizierte (EN388) durchstichfeste Gummihandschuhe mit Kevlar-Innenseite und Stoffb\u00fcndchen mit Gummizug am Ende.<\/li>\n<li>Gamaschen mit Gummizug oben und unten sowie einem dritten Gummiband zur Fixierung der Fu\u00dfsohle.<\/li>\n<li>Wir fertigen alle ben\u00f6tigten Gr\u00f6\u00dfen.<\/li>\n<\/ul>\n<p><a class=\"button\" style=\"background-color: #ff5819; color: #fff; border-radius: 20px;\" href=\"https:\/\/xorsa.com\/de\/groessenratgeber\/\"><i class=\"fa fa-ruler\"><\/i> Gr\u00f6\u00dfenratgeber<\/a><\/p>\n","protected":false},"featured_media":627,"template":"","meta":[],"product_brand":[],"product_cat":[36],"product_tag":[],"class_list":{"0":"post-2194","1":"product","2":"type-product","3":"status-publish","4":"has-post-thumbnail","6":"product_cat-shop","8":"first","9":"instock","10":"taxable","11":"shipping-taxable","12":"purchasable","13":"product-type-variable"},"_links":{"self":[{"href":"https:\/\/xorsa.com\/de\/wp-json\/wp\/v2\/product\/2194","targetHints":{"allow":["GET"]}}],"collection":[{"href":"https:\/\/xorsa.com\/de\/wp-json\/wp\/v2\/product"}],"about":[{"href":"https:\/\/xorsa.com\/de\/wp-json\/wp\/v2\/types\/product"}],"wp:featuredmedia":[{"embeddable":true,"href":"https:\/\/xorsa.com\/de\/wp-json\/wp\/v2\/media\/627"}],"wp:attachment":[{"href":"https:\/\/xorsa.com\/de\/wp-json\/wp\/v2\/media?parent=2194"}],"wp:term":[{"taxonomy":"product_brand","embeddable":true,"href":"https:\/\/xorsa.com\/de\/wp-json\/wp\/v2\/product_brand?post=2194"},{"taxonomy":"product_cat","embeddable":true,"href":"https:\/\/xorsa.com\/de\/wp-json\/wp\/v2\/product_cat?post=2194"},{"taxonomy":"product_tag","embeddable":true,"href":"https:\/\/xorsa.com\/de\/wp-json\/wp\/v2\/product_tag?post=2194"}],"curies":[{"name":"wp","href":"https:\/\/api.w.org\/{rel}","templated":true}]}}