{"id":2122,"date":"2026-02-25T10:29:15","date_gmt":"2026-02-25T09:29:15","guid":{"rendered":"https:\/\/xorsa.com\/producto\/freischneiderjacke\/"},"modified":"2026-02-25T10:29:15","modified_gmt":"2026-02-25T09:29:15","slug":"freischneiderjacke","status":"publish","type":"product","link":"https:\/\/xorsa.com\/de\/producto\/freischneiderjacke\/","title":{"rendered":"Freischneiderjacke"},"content":{"rendered":"<p><span class=\"fontstyle0\">Dieses Produkt wurde gem\u00e4\u00df den Bestimmungen der Verordnung (EU) 2016\/425 und gem\u00e4\u00df den geltenden Pr\u00fcfverfahren und technischen Spezifikationen hergestellt und erhielt das Zertifikat von AITEX.<\/span><\/p>\n<p><strong><span class=\"fontstyle2\">Nutzen der Schutzausr\u00fcstung:<\/span><\/strong><\/p>\n<p><span class=\"fontstyle0\">Speziell entwickelt zum Schutz vor der Asiatischen Hornisse bei Rodungsarbeiten.<\/span><\/p>\n<p><strong><span class=\"fontstyle2\">Anwendungsempfehlungen:<\/span><\/strong><\/p>\n<p><span class=\"fontstyle0\">Zum Schutz des Oberk\u00f6rpers sollte Schutzkleidung in geschlossenem Zustand getragen werden.<\/span><\/p>\n<p><span class=\"fontstyle0\">Dient dem Schutz des Oberk\u00f6rpers des Benutzers, mit Ausnahme des Unterk\u00f6rpers (der vom Benutzer mit speziell f\u00fcr die R\u00e4umungsaufgabe entwickelter Kleidung gesch\u00fctzt werden muss).<\/span><\/p>\n<p><strong><span class=\"fontstyle2\">Empfehlungen gegen Missbrauch:<\/span><\/strong><\/p>\n<p><span class=\"fontstyle0\">Diese pers\u00f6nliche Schutzausr\u00fcstung darf ausschlie\u00dflich f\u00fcr die oben beschriebenen Gefahren eingesetzt werden. Unsachgem\u00e4\u00dfe Verwendung kann ihre Schutzwirkung beeintr\u00e4chtigen. <\/span><\/p>\n<p><span class=\"fontstyle0\">Besteht das Kleidungsst\u00fcck aus zwei Teilen, m\u00fcssen diese zusammen getragen werden, um den erforderlichen Schutz zu gew\u00e4hrleisten. (In diesem Fall Handschuhe und Kapuze). <\/span><\/p>\n<p><span class=\"fontstyle0\">Risse d\u00fcrfen nicht vom Benutzer repariert werden. \u00c4nderungen am Design des Kleidungsst\u00fccks sind nicht gestattet. <\/span><\/p>\n<p><span class=\"fontstyle0\">Siebdruck oder Transferdruck sind nach der Anfertigung des Anzugs nicht mehr zul\u00e4ssig, da sie die Polsterung verdichten und so zu einer geringeren Dicke f\u00fchren, die keinen Schutz mehr vor Bissen bietet.<\/span><\/p>\n<p><span class=\"fontstyle0\">Die Lebensdauer h\u00e4ngt von der Verwendung der PSA, der Wartung, der Lagerung usw. ab.<\/span><\/p>\n<p><strong><span class=\"fontstyle2\">Waschempfehlungen:<\/span><\/strong><\/p>\n<p><span class=\"fontstyle0\">Maximale Temperatur von 40\u00ba C.<\/span><\/p>\n<p><span class=\"fontstyle2\">Die Kapuze bitte von Hand waschen.<\/span><\/p>\n<p><span class=\"fontstyle0\">Nicht bleichen. Nicht b\u00fcgeln. Nicht im W\u00e4schetrockner trocknen.  <\/span><\/p>\n<p><strong><span class=\"fontstyle2\">Lagerung<\/span><\/strong><\/p>\n<p><span class=\"fontstyle0\">Bewahren Sie das Kleidungsst\u00fcck an einem trockenen Ort auf, vermeiden Sie unn\u00f6tige Sonneneinstrahlung und sch\u00fctzen Sie es vor aggressiven Einfl\u00fcssen.<\/span><\/p>\n<p><strong><span class=\"fontstyle2\">Verpackung<\/span><\/strong><\/p>\n<p><span class=\"fontstyle0\">Pappkarton.<\/span><\/p>\n","protected":false},"excerpt":{"rendered":"<p>SPEZIALAUSR\u00dcSTUNG ZUR BRUSTFREIUNG<\/p>\n<h2>Gewebe<\/h2>\n<ul>\n<li> Obermaterial aus 100 % schwarzem Kordura-Gewebe mit einem Gewicht von 290 g\/ m\u00b2 .<\/li>\n<li>Weiches Gewebe aus 75\/80 % Vollfaser und 25\/20 % Zweikomponenten-Duroplastfaser mit einem Gewicht von 200 g\/ m\u00b2 . <\/li>\n<li>Schwarzes Innenfutter aus 65 % Polyester \/ 35 % Baumwolle mit einem Gewicht von 240 g\/ m\u00b2 . <\/li>\n<li>Schwarzes Innenfutter, das sich an den unteren K\u00f6rperbereich der Jacke anpasst, 100 % Polyester, mit einem Gewicht von 225 g\/ m\u00b2 . <\/li>\n<li>Atmungsaktives 3D-Mesh-R\u00fcckenteil mit doppeltem 100% Polyestergewebe, Gewicht 260 g\/ m\u00b2 .<\/li>\n<\/ul>\n<h2>Oberer Teil (Kopf)<\/h2>\n<ul>\n<li><span class=\"fontstyle0\">Kapuze mit 2&#215;2 Teflon-beschichtetem Fiberglasgewebestreifen in Schwarz, 180-Grad-Sichtfeld und reduziertem Volumen, mit ausreichend Platz zur Anpassung an einen zugelassenen Helm f\u00fcr die Freihaltung von Gestr\u00fcpp.<\/span><\/li>\n<\/ul>\n<h2>Rei\u00dfverschl\u00fcsse<\/h2>\n<ul>\n<li><span class=\"fontstyle0\">Kapuze: 115 cm Rei\u00dfverschluss mit Schieber und Nylon-Trennst\u00fcck Nr. 5 in Schwarz. <\/span><\/li>\n<li><span class=\"fontstyle0\">Vorderseite: Metallrei\u00dfverschluss. Und Rei\u00dfverschlussabdeckung mit Klettverschluss. <\/span><\/li>\n<\/ul>\n<h2>K\u00f6rperverstellbare Teile<\/h2>\n<ul>\n<li><span class=\"fontstyle0\">Elastische B\u00fcndchen an den \u00c4rmeln.<\/span><\/li>\n<\/ul>\n<h2>\u00c4sthetik<\/h2>\n<ul>\n<li><span class=\"fontstyle0\">Stehkragen<\/span><\/li>\n<li><span class=\"fontstyle0\">Adrenalintasche am linken Arm.<\/span><\/li>\n<\/ul>\n<h2>Zubeh\u00f6r<\/h2>\n<ul>\n<li><span class=\"fontstyle0\">Zertifizierte, gummierte, durchstichfeste Handschuhe mit Kevlar-Innenfutter.<\/span><\/li>\n<\/ul>\n<h2>Vorschriften<\/h2>\n<ul>\n<li>EU-ZERTIFIZIERTES MODELL<\/li>\n<\/ul>\n<p><a class=\"button\" style=\"background-color: #ff5819; color: #fff; border-radius: 20px;\" href=\"https:\/\/xorsa.com\/guia-de-tallas\/\"><i class=\"fa fa-ruler\"><\/i> Gr\u00f6\u00dfenratgeber<\/a><\/p>\n","protected":false},"featured_media":2123,"template":"","meta":[],"product_brand":[],"product_cat":[36],"product_tag":[],"class_list":{"0":"post-2122","1":"product","2":"type-product","3":"status-publish","4":"has-post-thumbnail","6":"product_cat-shop","8":"first","9":"instock","10":"taxable","11":"shipping-taxable","12":"purchasable","13":"product-type-variable"},"_links":{"self":[{"href":"https:\/\/xorsa.com\/de\/wp-json\/wp\/v2\/product\/2122","targetHints":{"allow":["GET"]}}],"collection":[{"href":"https:\/\/xorsa.com\/de\/wp-json\/wp\/v2\/product"}],"about":[{"href":"https:\/\/xorsa.com\/de\/wp-json\/wp\/v2\/types\/product"}],"wp:featuredmedia":[{"embeddable":true,"href":"https:\/\/xorsa.com\/de\/wp-json\/wp\/v2\/media\/2123"}],"wp:attachment":[{"href":"https:\/\/xorsa.com\/de\/wp-json\/wp\/v2\/media?parent=2122"}],"wp:term":[{"taxonomy":"product_brand","embeddable":true,"href":"https:\/\/xorsa.com\/de\/wp-json\/wp\/v2\/product_brand?post=2122"},{"taxonomy":"product_cat","embeddable":true,"href":"https:\/\/xorsa.com\/de\/wp-json\/wp\/v2\/product_cat?post=2122"},{"taxonomy":"product_tag","embeddable":true,"href":"https:\/\/xorsa.com\/de\/wp-json\/wp\/v2\/product_tag?post=2122"}],"curies":[{"name":"wp","href":"https:\/\/api.w.org\/{rel}","templated":true}]}}