{"id":2011,"date":"2026-02-10T18:44:50","date_gmt":"2026-02-10T17:44:50","guid":{"rendered":"https:\/\/xorsa.com\/producto\/schutzanzug-gegen-asiatische-hornisse-modell-1511\/"},"modified":"2026-02-10T18:44:50","modified_gmt":"2026-02-10T17:44:50","slug":"schutzanzug-gegen-asiatische-hornisse-modell-1511","status":"publish","type":"product","link":"https:\/\/xorsa.com\/de\/producto\/schutzanzug-gegen-asiatische-hornisse-modell-1511\/","title":{"rendered":"Schutzanzug gegen Asiatische Hornisse Modell 1511"},"content":{"rendered":"<p>Patentierte Schutzanz\u00fcge gegen die Asiatische Hornisse (Vespa velutina) aus doppellagigem Stoff mit Polyesterpolsterung in fluoreszierendem Rot.<\/p>\n<p>Wir fertigen alle ben\u00f6tigten Gr\u00f6\u00dfen.<\/p>\n","protected":false},"excerpt":{"rendered":"<h2>Gewebe<\/h2>\n<ul>\n<li>Doppellagiger Stoff aus weichem Polyester.<\/li>\n<li>Obermaterial aus fluoreszierendem, rotem Stoff, bestehend aus 50 % Polyester und 50 % Baumwolle, mit einem Gewicht von 250 g\/m\u00b2.<\/li>\n<li>Weiches Material aus 100% Polyester mit einem Gewicht von 200 g\/m\u00b2.<\/li>\n<li>Innenmaterial aus 65 % Polyester und 35 % Baumwolle mit einem Gewicht von 240 g\/m\u00b2.<\/li>\n<li>Abzugshaube mit 2x2mm Teflon-beschichtetem Glasgewebestreifen.<\/li>\n<li>Gepolsterter Schutz vom Nacken bis zu den Ohren.<\/li>\n<li>Zugelassener Helm (EN397), verstellbar mit Drehrad und Kinnriemen, mit Polycarbonat-Visier (EN 166 1B 3) und Bel\u00fcftungsl\u00f6chern.<\/li>\n<li>Nylonrei\u00dfverschluss mit Schieber und Trennelement zum Verschlie\u00dfen der Kapuze.<\/li>\n<li>Adrenalintasche am linken Arm.<\/li>\n<li>Metallener Frontrei\u00dfverschluss mit Doppelschieber.<\/li>\n<li>Kompletter Rei\u00dfverschlussbezug mit Klettverschluss.<\/li>\n<li>Zwei Spr\u00fchhalterungen; eine ist auf dem R\u00fccken befestigt und mit zwei Gummib\u00e4ndern gesichert, die andere h\u00e4ngt frei am G\u00fcrtel und erm\u00f6glicht so die n\u00f6tige Bewegungsfreiheit beim Treppensteigen.<\/li>\n<li>Verstellbarer G\u00fcrtel aus Nylon mit Schnellverschluss.<\/li>\n<li>Vier Karabinerringe am G\u00fcrtel.<\/li>\n<li>Zwei untere Vordertaschen mit Nylonrei\u00dfverschluss.<\/li>\n<li>Elastische B\u00fcndchen an den \u00c4rmeln.<\/li>\n<li>Zertifizierte (EN388) durchstichfeste Gummihandschuhe mit Kevlar-Innenseite und Stoffb\u00fcndchen mit Gummizug am Ende.<\/li>\n<li>Verst\u00e4rkt mit Knie-, Sitz- und Ellbogenpolstern.<\/li>\n<li>Rei\u00dfverschl\u00fcsse an den Beinabschl\u00fcssen erleichtern das An- und Ausziehen mit Schuhen. Au\u00dferdem gibt es einen verstellbaren Klettverschluss. Au\u00dferdem gibt es einen verstellbaren Klettverschluss<\/li>\n<li>Gamaschen mit Gummizug oben und unten sowie einem dritten Gummiband zur Fixierung der Fu\u00dfsohle.<\/li>\n<li>Wir fertigen alle ben\u00f6tigten Gr\u00f6\u00dfen.<\/li>\n<\/ul>\n<h2>Vorschriften<\/h2>\n<ul>\n<li>ZERTIFIZIERT VON AITEX NR. 2015EP2047<\/li>\n<li>Patentiertes Modell<\/li>\n<\/ul>\n<p><a class=\"button\" style=\"background-color: #ff5819; color: #fff; border-radius: 20px;\" href=\"https:\/\/xorsa.com\/guia-de-tallas\/\"><i class=\"fa fa-ruler\"><\/i> Gr\u00f6\u00dfenratgeber<\/a><\/p>\n","protected":false},"featured_media":619,"template":"","meta":[],"product_brand":[],"product_cat":[36],"product_tag":[],"class_list":{"0":"post-2011","1":"product","2":"type-product","3":"status-publish","4":"has-post-thumbnail","6":"product_cat-shop","8":"first","9":"instock","10":"taxable","11":"shipping-taxable","12":"purchasable","13":"product-type-variable"},"_links":{"self":[{"href":"https:\/\/xorsa.com\/de\/wp-json\/wp\/v2\/product\/2011","targetHints":{"allow":["GET"]}}],"collection":[{"href":"https:\/\/xorsa.com\/de\/wp-json\/wp\/v2\/product"}],"about":[{"href":"https:\/\/xorsa.com\/de\/wp-json\/wp\/v2\/types\/product"}],"wp:featuredmedia":[{"embeddable":true,"href":"https:\/\/xorsa.com\/de\/wp-json\/wp\/v2\/media\/619"}],"wp:attachment":[{"href":"https:\/\/xorsa.com\/de\/wp-json\/wp\/v2\/media?parent=2011"}],"wp:term":[{"taxonomy":"product_brand","embeddable":true,"href":"https:\/\/xorsa.com\/de\/wp-json\/wp\/v2\/product_brand?post=2011"},{"taxonomy":"product_cat","embeddable":true,"href":"https:\/\/xorsa.com\/de\/wp-json\/wp\/v2\/product_cat?post=2011"},{"taxonomy":"product_tag","embeddable":true,"href":"https:\/\/xorsa.com\/de\/wp-json\/wp\/v2\/product_tag?post=2011"}],"curies":[{"name":"wp","href":"https:\/\/api.w.org\/{rel}","templated":true}]}}