{"id":1968,"date":"2026-02-10T18:55:53","date_gmt":"2026-02-10T17:55:53","guid":{"rendered":"https:\/\/xorsa.com\/producto\/hochsicherheitsweste-fuer-jagdhunde\/"},"modified":"2026-02-10T18:55:53","modified_gmt":"2026-02-10T17:55:53","slug":"hochsicherheitsweste-fuer-jagdhunde","status":"publish","type":"product","link":"https:\/\/xorsa.com\/de\/producto\/hochsicherheitsweste-fuer-jagdhunde\/","title":{"rendered":"Hochsicherheitsweste f\u00fcr Jagdhunde"},"content":{"rendered":"<h2>Jagdhundewesten<\/h2>\n<p>Diese patentierte Xorsa-Weste wurde speziell entwickelt, um <b>Verletzungen <\/b>von Jagdhunden <b>durch Wildschweine <\/b>zu minimieren . Sie sch\u00fctzt au\u00dferdem <b>vor Schlangenbissen <\/b>und ist daher ideal, wenn sich der Hund in dicht bewachsenem Gel\u00e4nde bewegen muss. <\/p>\n<p>Es wird unter Verwendung modernster Materialien und unter Ber\u00fccksichtigung der Hundeanatomie gefertigt, um maximalen Komfort f\u00fcr unsere Tiere zu gew\u00e4hrleisten. Die Achselh\u00f6hlen der Vorderbeine, eine besonders beanspruchte Stelle, sind mit einer sch\u00fctzenden Polsterung versehen. Diese besteht aus zwei Lagen Dupont Cordura und drei Lagen Kevlar, um die Bewegungsfreiheit des Tieres nicht einzuschr\u00e4nken. Die Verschl\u00fcsse sind verstellbare Nylonschnallen mit Schnellverschluss. Ein Gurt am oberen Ende l\u00e4sst den Oberk\u00f6rper des Tieres frei, um die Atmungsaktivit\u00e4t zu verbessern und den Tragekomfort zu erh\u00f6hen.  <\/p>\n<p>Kundenspezifische Fertigung (Sie m\u00fcssen die folgenden Ma\u00dfe angeben).<\/p>\n<p><img decoding=\"async\" class=\"alignnone size-medium wp-image-288\" src=\"https:\/\/xorsa.com\/wp-content\/uploads\/2026\/02\/chaleco-medidas-300x161.png\" alt=\"\" width=\"300\" height=\"161\" srcset=\"https:\/\/xorsa.com\/wp-content\/uploads\/2026\/02\/chaleco-medidas-300x161.png 300w, https:\/\/xorsa.com\/wp-content\/uploads\/2026\/02\/chaleco-medidas-230x124.png 230w, https:\/\/xorsa.com\/wp-content\/uploads\/2026\/02\/chaleco-medidas.png 316w\" sizes=\"(max-width: 300px) 100vw, 300px\" \/><\/p>\n<div class=\"col-md-6\">\n<ol style=\"font-size: .9em; list-style-type: upper-alpha;\" type=\"A\">\n<li>Halsumfang<\/li>\n<li>Brustumfang direkt hinter den Vorderbeinen.<\/li>\n<li>Taillenumfang, direkt vor den Hinterbeinen.<\/li>\n<li>Abstand zwischen Halsumfang und Brustumfang auf dem R\u00fccken des Hundes.<\/li>\n<li>Abstand zwischen Brustumfang und Taillenumfang auf dem R\u00fccken des Hundes.<\/li>\n<li>Abstand zwischen den Beinen (von Achselh\u00f6hle zu Achselh\u00f6hle).<\/li>\n<\/ol>\n<\/div>\n","protected":false},"excerpt":{"rendered":"<h2>Kevlar-Westen f\u00fcr Hunde<\/h2>\n<ul>\n<li>Obermaterial: Eine Lage: 100 % Dupont Cordura mit einem Gewicht von 310 Gramm\/m\u00b2.<\/li>\n<li>Dreilagiges Zwischengewebe: 100 % Kevlar mit einem Gewicht von 430 Gramm\/m\u00b2.<\/li>\n<li>Innenmaterial: Eine Lage: 100 % Dupont Cordura mit einem Gewicht von 310 Gramm\/m\u00b2.<\/li>\n<li>Verschluss oben mit f\u00fcnf verstellbaren Nylonschnallen.<\/li>\n<li>Schwei\u00df auf dem R\u00fccken\/Rumpf des Hundes.<\/li>\n<\/ul>\n<p><a class=\"button\" style=\"background-color: #ff5819; color: #fff; border-radius: 20px;\" href=\"https:\/\/xorsa.com\/contacto\/\"><i class=\"fa fa-envelope\"><\/i> Fordern Sie weitere Informationen an.<\/a><\/p>\n","protected":false},"featured_media":298,"template":"","meta":[],"product_brand":[],"product_cat":[36],"product_tag":[],"class_list":{"0":"post-1968","1":"product","2":"type-product","3":"status-publish","4":"has-post-thumbnail","6":"product_cat-shop","8":"first","9":"instock","10":"taxable","11":"shipping-taxable","12":"product-type-simple"},"_links":{"self":[{"href":"https:\/\/xorsa.com\/de\/wp-json\/wp\/v2\/product\/1968","targetHints":{"allow":["GET"]}}],"collection":[{"href":"https:\/\/xorsa.com\/de\/wp-json\/wp\/v2\/product"}],"about":[{"href":"https:\/\/xorsa.com\/de\/wp-json\/wp\/v2\/types\/product"}],"wp:featuredmedia":[{"embeddable":true,"href":"https:\/\/xorsa.com\/de\/wp-json\/wp\/v2\/media\/298"}],"wp:attachment":[{"href":"https:\/\/xorsa.com\/de\/wp-json\/wp\/v2\/media?parent=1968"}],"wp:term":[{"taxonomy":"product_brand","embeddable":true,"href":"https:\/\/xorsa.com\/de\/wp-json\/wp\/v2\/product_brand?post=1968"},{"taxonomy":"product_cat","embeddable":true,"href":"https:\/\/xorsa.com\/de\/wp-json\/wp\/v2\/product_cat?post=1968"},{"taxonomy":"product_tag","embeddable":true,"href":"https:\/\/xorsa.com\/de\/wp-json\/wp\/v2\/product_tag?post=1968"}],"curies":[{"name":"wp","href":"https:\/\/api.w.org\/{rel}","templated":true}]}}