{"id":1920,"date":"2026-02-10T17:37:15","date_gmt":"2026-02-10T16:37:15","guid":{"rendered":"https:\/\/xorsa.com\/producto\/jagdwesten\/"},"modified":"2026-03-17T10:06:23","modified_gmt":"2026-03-17T09:06:23","slug":"jagdwesten","status":"publish","type":"product","link":"https:\/\/xorsa.com\/de\/producto\/jagdwesten\/","title":{"rendered":"Jagdwesten"},"content":{"rendered":"<h2>Ma\u00dfgefertigte Jagdwesten<\/h2>\n<p>Bei Xorsa stellen wir hochsichtbare Jagdwesten her, die gem\u00e4\u00df den Anforderungen des K\u00f6niglichen Dekrets 1407\/1992 f\u00fcr den grundlegenden Gebrauch gem\u00e4\u00df den CE-Vorschriften hergestellt werden und den Normen UNE EN 340:1994 Allgemeine Anforderungen und UNE EN 471:2004 als hochsichtbare Kleidung entsprechen. Zertifikat Nr. 0161\/0767\/04, ausgestellt von AITEX.<\/p>\n<table border=\"0\" cellspacing=\"1\" cellpadding=\"8\">\n<tbody>\n<tr style=\"background-color: #122335;\">\n<td class=\"td_grande\"><span style=\"color: #ffffff;\">GR\u00d6SSEN<\/span><\/td>\n<td class=\"td_grande\"><span style=\"color: #ffffff;\">Brustumfang<\/span><\/td>\n<td class=\"td_grande\"><span style=\"color: #ffffff;\">Gesamte Benutzerh\u00f6he<\/span><\/td>\n<\/tr>\n<tr>\n<td class=\"td1\"><strong>XL<\/strong><\/td>\n<td class=\"td1\">90-108<\/td>\n<td class=\"td1\">160-175<\/td>\n<\/tr>\n<tr style=\"background-color: #cecece;\">\n<td class=\"td2\"><strong>XXL<\/strong><\/td>\n<td class=\"td2\">104-122<\/td>\n<td class=\"td2\">173-185<\/td>\n<\/tr>\n<tr>\n<td class=\"td1\"><strong>XXXL<\/strong><\/td>\n<td class=\"td1\">120-138<\/td>\n<td class=\"td1\">183-200<\/td>\n<\/tr>\n<\/tbody>\n<\/table>\n","protected":false},"excerpt":{"rendered":"<h2>Individualisierung von Jagdwesten<\/h2>\n<p>F\u00fcr individuelle Gestaltungsw\u00fcnsche senden Sie bitte Ihr Logo per E-Mail an <span class=\"notranslate\">pedidos@xorsa.com<\/span><\/p>\n<ul>\n<li>Akzeptierte Formate: PDF, AI, Corel oder hochaufl\u00f6sendes Bild.<\/li>\n<li>Druckfl\u00e4che f\u00fcr das Logo auf der Vorderseite: 12 cm.<\/li>\n<li>Druckfl\u00e4che f\u00fcr das Logo auf der Vorderseite: 25 cm.<\/li>\n<\/ul>\n<p><a class=\"button\" style=\"background-color: #ff5819; color: #fff; border-radius: 20px;\" href=\"https:\/\/xorsa.com\/de\/groessenratgeber\/\"><i class=\"fa fa-ruler\"><\/i>  Gr\u00f6\u00dfentabelle<\/a><\/p>\n","protected":false},"featured_media":216,"template":"","meta":[],"product_brand":[],"product_cat":[36],"product_tag":[],"class_list":{"0":"post-1920","1":"product","2":"type-product","3":"status-publish","4":"has-post-thumbnail","6":"product_cat-shop","8":"first","9":"instock","10":"taxable","11":"shipping-taxable","12":"purchasable","13":"product-type-variable"},"_links":{"self":[{"href":"https:\/\/xorsa.com\/de\/wp-json\/wp\/v2\/product\/1920","targetHints":{"allow":["GET"]}}],"collection":[{"href":"https:\/\/xorsa.com\/de\/wp-json\/wp\/v2\/product"}],"about":[{"href":"https:\/\/xorsa.com\/de\/wp-json\/wp\/v2\/types\/product"}],"wp:featuredmedia":[{"embeddable":true,"href":"https:\/\/xorsa.com\/de\/wp-json\/wp\/v2\/media\/216"}],"wp:attachment":[{"href":"https:\/\/xorsa.com\/de\/wp-json\/wp\/v2\/media?parent=1920"}],"wp:term":[{"taxonomy":"product_brand","embeddable":true,"href":"https:\/\/xorsa.com\/de\/wp-json\/wp\/v2\/product_brand?post=1920"},{"taxonomy":"product_cat","embeddable":true,"href":"https:\/\/xorsa.com\/de\/wp-json\/wp\/v2\/product_cat?post=1920"},{"taxonomy":"product_tag","embeddable":true,"href":"https:\/\/xorsa.com\/de\/wp-json\/wp\/v2\/product_tag?post=1920"}],"curies":[{"name":"wp","href":"https:\/\/api.w.org\/{rel}","templated":true}]}}